{"id":4497,"date":"2017-07-24T10:00:03","date_gmt":"2017-07-24T08:00:03","guid":{"rendered":"http:\/\/www.musical-ensemble-erft.de\/wordpress\/?page_id=4497"},"modified":"2017-07-18T15:15:23","modified_gmt":"2017-07-18T13:15:23","slug":"david-mertin-musikalische-leitung","status":"publish","type":"page","link":"https:\/\/www.musical-ensemble-erft.de\/wordpress\/projekte\/next-to-normal\/david-mertin-musikalische-leitung\/","title":{"rendered":"David Mertin (Musikalische Leitung)"},"content":{"rendered":"<div id=\"attachment_4508\" style=\"width: 277px\" class=\"wp-caption alignleft\"><a href=\"https:\/\/www.musical-ensemble-erft.de\/wordpress\/wp-content\/uploads\/2017\/06\/outdoor_david_facebook.jpg\" data-rel=\"lightbox-image-0\" data-rl_title=\"David Mertin - (c)Fabian B\u00f6hle Fotografie\" data-rl_caption=\"\" title=\"David Mertin - (c)Fabian B\u00f6hle Fotografie\"><img loading=\"lazy\" decoding=\"async\" aria-describedby=\"caption-attachment-4508\" class=\"size-medium wp-image-4508\" src=\"https:\/\/www.musical-ensemble-erft.de\/wordpress\/wp-content\/uploads\/2017\/06\/outdoor_david_facebook-267x400.jpg\" alt=\"\" width=\"267\" height=\"400\" srcset=\"https:\/\/www.musical-ensemble-erft.de\/wordpress\/wp-content\/uploads\/2017\/06\/outdoor_david_facebook-267x400.jpg 267w, https:\/\/www.musical-ensemble-erft.de\/wordpress\/wp-content\/uploads\/2017\/06\/outdoor_david_facebook-683x1024.jpg 683w, https:\/\/www.musical-ensemble-erft.de\/wordpress\/wp-content\/uploads\/2017\/06\/outdoor_david_facebook-333x500.jpg 333w, https:\/\/www.musical-ensemble-erft.de\/wordpress\/wp-content\/uploads\/2017\/06\/outdoor_david_facebook.jpg 720w\" sizes=\"auto, (max-width: 267px) 100vw, 267px\" \/><\/a><p id=\"caption-attachment-4508\" class=\"wp-caption-text\">David Mertin &#8211; (c)Fabian B\u00f6hle Fotografie<\/p><\/div>\n<p>Ein neues Gesicht beim Musical Ensemble Erft, jedoch mit viel Musical-Erfahrung im Gep\u00e4ck: David Mertin \u00fcbernimmt die musikalische Leitung bei &#8218;Next To Normal&#8216;. W\u00e4hrend seines Studiums lie\u00df sich der Lehrer f\u00fcr Musik und Mathematik zwischen 2007-2017 bei renommierten Dozenten wie Raimonds Spogis (Gesang) oder Detlef Str\u00fcwe (Jazz-Klavier) ausbilden. Seine Leidenschaft f\u00fcr Musiktheater entdeckte der 30-J\u00e4hrige jedoch schon im Kindesalter: 1998 war David als &#8218;Gavroche&#8216; in der Duisburger Produktion von &#8218;Les Mis\u00e9rables&#8216; zu sehen. Seitdem f\u00fchlt er sich auf der B\u00fchne genauso wohl wie als Musiker oder Dirigent im Orchestergraben: Ab 2000 stand David als Keyboarder f\u00fcr mehrere Cover-Bands auf der B\u00fchne; aktuell unterst\u00fctzt er als Pianist und Korrepetitor diverse Ch\u00f6re wie den Jugendchor Chorhaus Dormagen, Troubadix\u2019 Erben oder den Good News Gospel Choir.<\/p>\n<p>2008 gr\u00fcndete David das &#8218;Junge Musical Leverkusen e.V.&#8216; und realisierte dort bis 2016 als musikalische Leitung und Vorsitzender zahlreiche Musical-Produktion, wie etwa &#8218;AIDA&#8216;, &#8218;Nat\u00fcrlich Blond\u2018 oder &#8218;Die Sch\u00f6ne und das Biest&#8216;. Auf der B\u00fchne kann man den Bariton immer wieder in Vokalensembles und A Cappella-Gruppen erleben, etwa von 2010 bis 2014 mit &#8218;FourTune&#8216; und 2015 mit &#8218;Soundescape&#8216;. Wir freuen uns, mit David einen so erfahrenen musikalischen Leiter f\u00fcr &#8218;Next To Normal&#8216; an Bord zu haben!<\/p>\n<p><a href=\"https:\/\/www.facebook.com\/David-Mertin-Gesang-Piano-Arrangement-1550927131785755\/\" target=\"_blank\" rel=\"noopener noreferrer\">Davids Facebook-K\u00fcnstlerseite<\/a><\/p>\n","protected":false},"excerpt":{"rendered":"<p>Ein neues Gesicht beim Musical Ensemble Erft, jedoch mit viel Musical-Erfahrung im Gep\u00e4ck: David Mertin \u00fcbernimmt die musikalische Leitung bei &#8218;Next To Normal&#8216;. W\u00e4hrend seines Studiums lie\u00df sich der Lehrer f\u00fcr Musik und Mathematik zwischen 2007-2017 bei renommierten Dozenten wie Raimonds Spogis (Gesang) oder Detlef Str\u00fcwe (Jazz-Klavier) ausbilden. Seine Leidenschaft f\u00fcr Musiktheater entdeckte der 30-J\u00e4hrige [&hellip;]<\/p>\n","protected":false},"author":1,"featured_media":0,"parent":4385,"menu_order":0,"comment_status":"closed","ping_status":"closed","template":"","meta":{"footnotes":""},"class_list":["post-4497","page","type-page","status-publish","hentry","post-preview"],"_links":{"self":[{"href":"https:\/\/www.musical-ensemble-erft.de\/wordpress\/wp-json\/wp\/v2\/pages\/4497","targetHints":{"allow":["GET"]}}],"collection":[{"href":"https:\/\/www.musical-ensemble-erft.de\/wordpress\/wp-json\/wp\/v2\/pages"}],"about":[{"href":"https:\/\/www.musical-ensemble-erft.de\/wordpress\/wp-json\/wp\/v2\/types\/page"}],"author":[{"embeddable":true,"href":"https:\/\/www.musical-ensemble-erft.de\/wordpress\/wp-json\/wp\/v2\/users\/1"}],"replies":[{"embeddable":true,"href":"https:\/\/www.musical-ensemble-erft.de\/wordpress\/wp-json\/wp\/v2\/comments?post=4497"}],"version-history":[{"count":6,"href":"https:\/\/www.musical-ensemble-erft.de\/wordpress\/wp-json\/wp\/v2\/pages\/4497\/revisions"}],"predecessor-version":[{"id":4715,"href":"https:\/\/www.musical-ensemble-erft.de\/wordpress\/wp-json\/wp\/v2\/pages\/4497\/revisions\/4715"}],"up":[{"embeddable":true,"href":"https:\/\/www.musical-ensemble-erft.de\/wordpress\/wp-json\/wp\/v2\/pages\/4385"}],"wp:attachment":[{"href":"https:\/\/www.musical-ensemble-erft.de\/wordpress\/wp-json\/wp\/v2\/media?parent=4497"}],"curies":[{"name":"wp","href":"https:\/\/api.w.org\/{rel}","templated":true}]}}