{"id":4560,"date":"2017-07-18T10:00:49","date_gmt":"2017-07-18T08:00:49","guid":{"rendered":"http:\/\/www.musical-ensemble-erft.de\/wordpress\/?page_id=4560"},"modified":"2017-07-17T10:57:53","modified_gmt":"2017-07-17T08:57:53","slug":"marco-maciejewski-lichtdesign-schauspiel-coaching","status":"publish","type":"page","link":"https:\/\/www.musical-ensemble-erft.de\/wordpress\/projekte\/next-to-normal\/marco-maciejewski-lichtdesign-schauspiel-coaching\/","title":{"rendered":"Marco Maciejewski (Lichtdesign &#038; Schauspiel-Coaching)"},"content":{"rendered":"<div id=\"attachment_4512\" style=\"width: 277px\" class=\"wp-caption alignleft\"><a href=\"https:\/\/www.musical-ensemble-erft.de\/wordpress\/wp-content\/uploads\/2017\/06\/outdoor_marco_facebook.jpg\" data-rel=\"lightbox-image-0\" data-rl_title=\"Marco Maciejewski - (c)Fabian B\u00f6hle Fotografie\" data-rl_caption=\"\" title=\"Marco Maciejewski - (c)Fabian B\u00f6hle Fotografie\"><img loading=\"lazy\" decoding=\"async\" aria-describedby=\"caption-attachment-4512\" class=\"size-medium wp-image-4512\" src=\"https:\/\/www.musical-ensemble-erft.de\/wordpress\/wp-content\/uploads\/2017\/06\/outdoor_marco_facebook-267x400.jpg\" alt=\"\" width=\"267\" height=\"400\" srcset=\"https:\/\/www.musical-ensemble-erft.de\/wordpress\/wp-content\/uploads\/2017\/06\/outdoor_marco_facebook-267x400.jpg 267w, https:\/\/www.musical-ensemble-erft.de\/wordpress\/wp-content\/uploads\/2017\/06\/outdoor_marco_facebook-683x1024.jpg 683w, https:\/\/www.musical-ensemble-erft.de\/wordpress\/wp-content\/uploads\/2017\/06\/outdoor_marco_facebook-333x500.jpg 333w, https:\/\/www.musical-ensemble-erft.de\/wordpress\/wp-content\/uploads\/2017\/06\/outdoor_marco_facebook.jpg 720w\" sizes=\"auto, (max-width: 267px) 100vw, 267px\" \/><\/a><p id=\"caption-attachment-4512\" class=\"wp-caption-text\">Marco Maciejewski &#8211; (c)Fabian B\u00f6hle Fotografie<\/p><\/div>\n<p>Seit vielen Jahren ist Marco nicht nur regelm\u00e4\u00dfig auf der B\u00fchne zu sehen, sondern engagiert sich parallel im Kreativteam unserer Projekte. Als langj\u00e4hriger Darsteller der Musical-AG des Gymnasiums Kerpen und als Gr\u00fcndungsmitglied des Musical Ensemble Erft konnte man ihn bereits in zahlreichen Produktionen erleben, etwa als &#8218;Alfred&#8216; in &#8218;Tanz der Vampire&#8216;, als &#8218;Angel&#8216; in &#8218;RENT&#8216; oder zuletzt als &#8218;Mal Beineke&#8216; in &#8218;The Addams Family&#8216;.<\/p>\n<p>Doch auch bei der Arbeit hinter der B\u00fchne ist der Lagerleiter ein unverzichtbares Mitglied unseres Ensembles: So zeichnete er u.a. 2010 f\u00fcr Co-Regie und Lichtdesign der Deutschlandpremiere von &#8218;tick, tick&#8230;BOOM!&#8216; verantwortlich, auch das Lichtdesign f\u00fcr &#8218;RENT&#8216; (2012) und &#8218;The Addams Family&#8216; (2016) lag in seinen H\u00e4nden.<br \/>\nGleichzeitig ist Marco auch f\u00fcr die k\u00fcnstlerische Weiterentwicklung unserer Darsteller im Einsatz: Seit vielen Jahren realisiert er f\u00fcr den Verein Workshops im Bereich Schauspiel und K\u00f6rperarbeit. Sein Handwerk vertiefte der 33-J\u00e4hrige an der Arturo Schauspielschule K\u00f6ln, wo er zweieinhalb Jahre studierte. Im Projekt &#8218;Next To Normal \u2013 Fast normal&#8216; kann Marco all seine Leidenschaften mit einbringen: Er hat das B\u00fchnenkonzept mit erarbeitet, verantwortet das Lichtdesign und wird die Darsteller in ihrer Rollenarbeit unterst\u00fctzen.<\/p>\n","protected":false},"excerpt":{"rendered":"<p>Seit vielen Jahren ist Marco nicht nur regelm\u00e4\u00dfig auf der B\u00fchne zu sehen, sondern engagiert sich parallel im Kreativteam unserer Projekte. Als langj\u00e4hriger Darsteller der Musical-AG des Gymnasiums Kerpen und als Gr\u00fcndungsmitglied des Musical Ensemble Erft konnte man ihn bereits in zahlreichen Produktionen erleben, etwa als &#8218;Alfred&#8216; in &#8218;Tanz der Vampire&#8216;, als &#8218;Angel&#8216; in &#8218;RENT&#8216; [&hellip;]<\/p>\n","protected":false},"author":1,"featured_media":0,"parent":4385,"menu_order":0,"comment_status":"closed","ping_status":"closed","template":"","meta":{"footnotes":""},"class_list":["post-4560","page","type-page","status-publish","hentry","post-preview"],"_links":{"self":[{"href":"https:\/\/www.musical-ensemble-erft.de\/wordpress\/wp-json\/wp\/v2\/pages\/4560","targetHints":{"allow":["GET"]}}],"collection":[{"href":"https:\/\/www.musical-ensemble-erft.de\/wordpress\/wp-json\/wp\/v2\/pages"}],"about":[{"href":"https:\/\/www.musical-ensemble-erft.de\/wordpress\/wp-json\/wp\/v2\/types\/page"}],"author":[{"embeddable":true,"href":"https:\/\/www.musical-ensemble-erft.de\/wordpress\/wp-json\/wp\/v2\/users\/1"}],"replies":[{"embeddable":true,"href":"https:\/\/www.musical-ensemble-erft.de\/wordpress\/wp-json\/wp\/v2\/comments?post=4560"}],"version-history":[{"count":6,"href":"https:\/\/www.musical-ensemble-erft.de\/wordpress\/wp-json\/wp\/v2\/pages\/4560\/revisions"}],"predecessor-version":[{"id":4648,"href":"https:\/\/www.musical-ensemble-erft.de\/wordpress\/wp-json\/wp\/v2\/pages\/4560\/revisions\/4648"}],"up":[{"embeddable":true,"href":"https:\/\/www.musical-ensemble-erft.de\/wordpress\/wp-json\/wp\/v2\/pages\/4385"}],"wp:attachment":[{"href":"https:\/\/www.musical-ensemble-erft.de\/wordpress\/wp-json\/wp\/v2\/media?parent=4560"}],"curies":[{"name":"wp","href":"https:\/\/api.w.org\/{rel}","templated":true}]}}