{"id":4574,"date":"2017-07-19T10:00:51","date_gmt":"2017-07-19T08:00:51","guid":{"rendered":"http:\/\/www.musical-ensemble-erft.de\/wordpress\/?page_id=4574"},"modified":"2017-07-18T09:18:57","modified_gmt":"2017-07-18T07:18:57","slug":"yavanna-puetz-hair-make-up","status":"publish","type":"page","link":"https:\/\/www.musical-ensemble-erft.de\/wordpress\/projekte\/next-to-normal\/yavanna-puetz-hair-make-up\/","title":{"rendered":"Yavanna P\u00fctz (Hair &#038; Make-up)"},"content":{"rendered":"<div id=\"attachment_4514\" style=\"width: 277px\" class=\"wp-caption alignleft\"><a href=\"https:\/\/www.musical-ensemble-erft.de\/wordpress\/wp-content\/uploads\/2017\/06\/outdoor_yavanna_facebook.jpg\" data-rel=\"lightbox-image-0\" data-rl_title=\"Yavanna P\u00fctz - (c)Fabian B\u00f6hle Fotografie\" data-rl_caption=\"\" title=\"Yavanna P\u00fctz - (c)Fabian B\u00f6hle Fotografie\"><img loading=\"lazy\" decoding=\"async\" aria-describedby=\"caption-attachment-4514\" class=\"size-medium wp-image-4514\" src=\"https:\/\/www.musical-ensemble-erft.de\/wordpress\/wp-content\/uploads\/2017\/06\/outdoor_yavanna_facebook-267x400.jpg\" alt=\"\" width=\"267\" height=\"400\" srcset=\"https:\/\/www.musical-ensemble-erft.de\/wordpress\/wp-content\/uploads\/2017\/06\/outdoor_yavanna_facebook-267x400.jpg 267w, https:\/\/www.musical-ensemble-erft.de\/wordpress\/wp-content\/uploads\/2017\/06\/outdoor_yavanna_facebook-683x1024.jpg 683w, https:\/\/www.musical-ensemble-erft.de\/wordpress\/wp-content\/uploads\/2017\/06\/outdoor_yavanna_facebook-333x500.jpg 333w, https:\/\/www.musical-ensemble-erft.de\/wordpress\/wp-content\/uploads\/2017\/06\/outdoor_yavanna_facebook.jpg 720w\" sizes=\"auto, (max-width: 267px) 100vw, 267px\" \/><\/a><p id=\"caption-attachment-4514\" class=\"wp-caption-text\">Yavanna P\u00fctz &#8211; (c)Fabian B\u00f6hle Fotografie<\/p><\/div>\n<p>Die Arbeit am Theater kennt Yavanna aus Darstellerperspektive genauso gut wie als Teil der Backstage-Crew: Mit nur 28 Jahren kann die gelernte Friseurin bereits auf \u00fcber 30 Theater- und Musiktheaterproduktionen zur\u00fcckblicken. 2007 wurde Yavanna am &#8218;Jungen Theater Leverkusen&#8216; aufgenommen und war bei dem bundesweit renommierten Ausbildungstheater in Klassikern wie &#8218;Woyzeck&#8216; oder &#8218;Fr\u00fchlings Erwachen&#8216; und modernen B\u00fchnenwerken wie &#8218;Gretchen 89ff&#8216; zu sehen. Zudem verantwortete sie Kost\u00fcm und Make-up f\u00fcr verschiedene Produktionen des JTL. Als Maskenbildnerin war Yavanna bereits f\u00fcr Filmprojekte der KHM K\u00f6ln engagiert, gab Workshops f\u00fcr den Kulturrucksack NRW und h\u00e4lt mit ihrem Blog &#8218;Hipsterfangirfashion&#8216; Vortr\u00e4ge auf gro\u00dfen Conventions wie der &#8218;RingCon&#8216; oder der &#8218;ComicCon&#8216;.<\/p>\n<p>Seit 2011 ist Yavanna Mitglied des Musical Ensemble Erft. Bei &#8218;RENT&#8216; war sie als &#8218;Alexi Darling&#8216; zu sehen, in der &#8218;Addams Family&#8216; zeichnete sie neben ihrer Rolle als &#8218;Grandma Addams&#8216; f\u00fcr Hair &amp; MakeUp des gesamten Ensembles verantwortlich. Auch bei &#8218;Next To Normal \u2013 Fast normal&#8216; wird sie der Crew mit ihrer professionellen Expertise beratend zur Seite stehen.<\/p>\n<p><a href=\"https:\/\/www.facebook.com\/yavann.art\" target=\"_blank\" rel=\"noopener noreferrer\">Yavannas Facebook-K\u00fcnstlerseite<\/a><\/p>\n","protected":false},"excerpt":{"rendered":"<p>Die Arbeit am Theater kennt Yavanna aus Darstellerperspektive genauso gut wie als Teil der Backstage-Crew: Mit nur 28 Jahren kann die gelernte Friseurin bereits auf \u00fcber 30 Theater- und Musiktheaterproduktionen zur\u00fcckblicken. 2007 wurde Yavanna am &#8218;Jungen Theater Leverkusen&#8216; aufgenommen und war bei dem bundesweit renommierten Ausbildungstheater in Klassikern wie &#8218;Woyzeck&#8216; oder &#8218;Fr\u00fchlings Erwachen&#8216; und modernen [&hellip;]<\/p>\n","protected":false},"author":1,"featured_media":0,"parent":4385,"menu_order":0,"comment_status":"closed","ping_status":"closed","template":"","meta":{"footnotes":""},"class_list":["post-4574","page","type-page","status-publish","hentry","post-preview"],"_links":{"self":[{"href":"https:\/\/www.musical-ensemble-erft.de\/wordpress\/wp-json\/wp\/v2\/pages\/4574","targetHints":{"allow":["GET"]}}],"collection":[{"href":"https:\/\/www.musical-ensemble-erft.de\/wordpress\/wp-json\/wp\/v2\/pages"}],"about":[{"href":"https:\/\/www.musical-ensemble-erft.de\/wordpress\/wp-json\/wp\/v2\/types\/page"}],"author":[{"embeddable":true,"href":"https:\/\/www.musical-ensemble-erft.de\/wordpress\/wp-json\/wp\/v2\/users\/1"}],"replies":[{"embeddable":true,"href":"https:\/\/www.musical-ensemble-erft.de\/wordpress\/wp-json\/wp\/v2\/comments?post=4574"}],"version-history":[{"count":5,"href":"https:\/\/www.musical-ensemble-erft.de\/wordpress\/wp-json\/wp\/v2\/pages\/4574\/revisions"}],"predecessor-version":[{"id":4622,"href":"https:\/\/www.musical-ensemble-erft.de\/wordpress\/wp-json\/wp\/v2\/pages\/4574\/revisions\/4622"}],"up":[{"embeddable":true,"href":"https:\/\/www.musical-ensemble-erft.de\/wordpress\/wp-json\/wp\/v2\/pages\/4385"}],"wp:attachment":[{"href":"https:\/\/www.musical-ensemble-erft.de\/wordpress\/wp-json\/wp\/v2\/media?parent=4574"}],"curies":[{"name":"wp","href":"https:\/\/api.w.org\/{rel}","templated":true}]}}