{"id":5045,"date":"2018-04-23T15:38:53","date_gmt":"2018-04-23T13:38:53","guid":{"rendered":"http:\/\/www.musical-ensemble-erft.de\/wordpress\/?page_id=5045"},"modified":"2018-05-22T12:04:35","modified_gmt":"2018-05-22T10:04:35","slug":"stage-connection-2018","status":"publish","type":"page","link":"https:\/\/www.musical-ensemble-erft.de\/wordpress\/projekte\/auftritte\/stage-connection-2018\/","title":{"rendered":"Stage Connection 2018"},"content":{"rendered":"<p><strong>Gemeinsames Konzert mit den Ensembles &#8218;Stage Focus e.V.&#8216; aus Moers, &#8218;Floodlight Musicals&#8216; aus Aachen und &#8218;Stage &#038; Music&#8216; Leverkusen, Aula der Marienschule Opladen, 19. Mai 2018<\/strong><\/p>\n<p><strong>Auf der B\u00fchne:<\/strong> Anja Boden, Markus B\u00fcrgel, Alexander Geiger, Barbara Franck, Laura Hatko, Sascha Kollarz, Saskia Rappenh\u00f6ner, Miguel Schlang, Nadine Schulz, Philipp Schwerhoff, Joshua Vithayathil, Sarah Wichmann<br \/>\n<strong>Musikalische Einstudierung:<\/strong> Philipp Schwerhoff<br \/>\n<strong>Projektleitung: <\/strong>Barbara Franck<br \/>\n<strong>Veranstalter: <\/strong>Stage &#038; Music + Musical-Kompass<\/p>\n<p>Unser Programm<\/p>\n<p>1) Starlight Sequence [Starlight Express] (Sascha, Joshua &#038; Ensemble)<br \/>\n2) Let Me Be Your Star [Smash] (Laura, Sarah, Anja, Nadine, Saskia, Barbara)<br \/>\n3) Seize The Day [Newsies] (Philipp, Markus, Miguel, Alex, Sascha, Joshua)<br \/>\n4) This Is Me [The Greatest Showman] (Nadine &#038; Ensemble)<br \/>\n5) You Will Be Found [Dear Evan Hansen] (Philipp, Alex, Sascha, Anja, Miguel &#038; Ensemble)<\/p>\n<p><a href=\"https:\/\/www.musical-ensemble-erft.de\/wordpress\/stage-connection\/\">Alle Blog-Eintr\u00e4ge zum Thema &#8218;Stage Connection&#8216;<\/a><\/p>\n<p><img loading=\"lazy\" decoding=\"async\" src=\"https:\/\/www.musical-ensemble-erft.de\/wordpress\/wp-content\/uploads\/2018\/04\/img_4113.jpg\" alt=\"\" width=\"842\" height=\"1191\" class=\"aligncenter size-full wp-image-5037\" srcset=\"https:\/\/www.musical-ensemble-erft.de\/wordpress\/wp-content\/uploads\/2018\/04\/img_4113.jpg 842w, https:\/\/www.musical-ensemble-erft.de\/wordpress\/wp-content\/uploads\/2018\/04\/img_4113-283x400.jpg 283w, https:\/\/www.musical-ensemble-erft.de\/wordpress\/wp-content\/uploads\/2018\/04\/img_4113-768x1086.jpg 768w, https:\/\/www.musical-ensemble-erft.de\/wordpress\/wp-content\/uploads\/2018\/04\/img_4113-724x1024.jpg 724w, https:\/\/www.musical-ensemble-erft.de\/wordpress\/wp-content\/uploads\/2018\/04\/img_4113-353x500.jpg 353w\" sizes=\"auto, (max-width: 842px) 100vw, 842px\" \/><\/p>\n","protected":false},"excerpt":{"rendered":"<p>Gemeinsames Konzert mit den Ensembles &#8218;Stage Focus e.V.&#8216; aus Moers, &#8218;Floodlight Musicals&#8216; aus Aachen und &#8218;Stage &#038; Music&#8216; Leverkusen, Aula der Marienschule Opladen, 19. Mai 2018 Auf der B\u00fchne: Anja Boden, Markus B\u00fcrgel, Alexander Geiger, Barbara Franck, Laura Hatko, Sascha Kollarz, Saskia Rappenh\u00f6ner, Miguel Schlang, Nadine Schulz, Philipp Schwerhoff, Joshua Vithayathil, Sarah Wichmann Musikalische Einstudierung: [&hellip;]<\/p>\n","protected":false},"author":1,"featured_media":5037,"parent":2734,"menu_order":0,"comment_status":"closed","ping_status":"closed","template":"","meta":{"footnotes":""},"class_list":["post-5045","page","type-page","status-publish","has-post-thumbnail","hentry","post-preview"],"_links":{"self":[{"href":"https:\/\/www.musical-ensemble-erft.de\/wordpress\/wp-json\/wp\/v2\/pages\/5045","targetHints":{"allow":["GET"]}}],"collection":[{"href":"https:\/\/www.musical-ensemble-erft.de\/wordpress\/wp-json\/wp\/v2\/pages"}],"about":[{"href":"https:\/\/www.musical-ensemble-erft.de\/wordpress\/wp-json\/wp\/v2\/types\/page"}],"author":[{"embeddable":true,"href":"https:\/\/www.musical-ensemble-erft.de\/wordpress\/wp-json\/wp\/v2\/users\/1"}],"replies":[{"embeddable":true,"href":"https:\/\/www.musical-ensemble-erft.de\/wordpress\/wp-json\/wp\/v2\/comments?post=5045"}],"version-history":[{"count":6,"href":"https:\/\/www.musical-ensemble-erft.de\/wordpress\/wp-json\/wp\/v2\/pages\/5045\/revisions"}],"predecessor-version":[{"id":5072,"href":"https:\/\/www.musical-ensemble-erft.de\/wordpress\/wp-json\/wp\/v2\/pages\/5045\/revisions\/5072"}],"up":[{"embeddable":true,"href":"https:\/\/www.musical-ensemble-erft.de\/wordpress\/wp-json\/wp\/v2\/pages\/2734"}],"wp:featuredmedia":[{"embeddable":true,"href":"https:\/\/www.musical-ensemble-erft.de\/wordpress\/wp-json\/wp\/v2\/media\/5037"}],"wp:attachment":[{"href":"https:\/\/www.musical-ensemble-erft.de\/wordpress\/wp-json\/wp\/v2\/media?parent=5045"}],"curies":[{"name":"wp","href":"https:\/\/api.w.org\/{rel}","templated":true}]}}