{"id":5121,"date":"2018-11-30T10:14:22","date_gmt":"2018-11-30T08:14:22","guid":{"rendered":"https:\/\/www.musical-ensemble-erft.de\/wordpress\/?page_id=5121"},"modified":"2024-06-17T17:06:46","modified_gmt":"2024-06-17T15:06:46","slug":"first-date","status":"publish","type":"page","link":"https:\/\/www.musical-ensemble-erft.de\/wordpress\/projekte\/first-date\/","title":{"rendered":"First Date"},"content":{"rendered":"\n<p><strong>Ein spie\u00dfiger Banker. Eine provokante K\u00fcnstlerin. Ein Blind Date. Was k\u00f6nnte da schon schief gehen? Das Musical FIRST DATE ist moderne Broadway-Comedy in H\u00f6chstform \u2013 herausfordernd f\u00fcr die Darsteller, beste Unterhaltung f\u00fcr jeden, der in seinem Leben schon einmal ein Date hatte. Als erst zweite Produktion in Deutschland haben wir die Auff\u00fchrungsrechte f\u00fcr FIRST DATE erhalten &#8211; und freuen uns riesig, das St\u00fcck im Mai und Juni 2019 in Kerpen auf die B\u00fchne zu bringen.<\/strong><\/p>\n\n\n\n<p>Hier gibt es alle Infos zum <a href=\"https:\/\/www.musical-ensemble-erft.de\/wordpress\/projekte\/first-date\/stueck-und-hintergrund\/\">St\u00fcck und dem Hintergrund der Produktion<\/a> und zu <a href=\"https:\/\/www.musical-ensemble-erft.de\/wordpress\/projekte\/first-date\/cast-crew\">Cast &amp; Crew<\/a>. Bald folgen nat\u00fcrlich noch unser FIRST DATE-Probenblog und Videos zur Produktion. Tickets f\u00fcr FIRST DATE (12-19\u20ac) sind <a href=\"https:\/\/www.musical-ensemble-erft.de\/wordpress\/tickets\/\">ab sofort hier in unserem Ticketshop online erh\u00e4ltlich<\/a>!<\/p>\n\n\n\n<blockquote class=\"wp-block-quote is-layout-flow wp-block-quote-is-layout-flow\">\n<p>&#8222;Witzig. Romantisch. Rundum unterhaltsam.&#8220; (Variety)<\/p>\n<\/blockquote>\n\n\n\n<p>Buch von Austin Winsberg<br>Musik und Gesangstexte von Alan Zachary &amp; Michael Weiner<br>Deutsch von Nico Rabenald<br>Die \u00dcbertragung des Auff\u00fchrungsrechtes erfolgt in \u00dcbereinkunft mit gallissas Theaterverlag und Mediaagentur gmbh.<\/p>\n\n\n<div class=\"wp-block-image size-full wp-image-5213\">\n<figure class=\"aligncenter\"><img loading=\"lazy\" decoding=\"async\" width=\"856\" height=\"1200\" src=\"https:\/\/www.musical-ensemble-erft.de\/wordpress\/wp-content\/uploads\/2019\/01\/Flyer_FRONT2Dates_SSM.jpg\" alt=\"Artwork Musical FIRST DATE - Musical Ensemble Erft - Design: Thomas Atzenbeck\" class=\"wp-image-5213\" srcset=\"https:\/\/www.musical-ensemble-erft.de\/wordpress\/wp-content\/uploads\/2019\/01\/Flyer_FRONT2Dates_SSM.jpg 856w, https:\/\/www.musical-ensemble-erft.de\/wordpress\/wp-content\/uploads\/2019\/01\/Flyer_FRONT2Dates_SSM-285x400.jpg 285w, https:\/\/www.musical-ensemble-erft.de\/wordpress\/wp-content\/uploads\/2019\/01\/Flyer_FRONT2Dates_SSM-768x1077.jpg 768w, https:\/\/www.musical-ensemble-erft.de\/wordpress\/wp-content\/uploads\/2019\/01\/Flyer_FRONT2Dates_SSM-730x1024.jpg 730w, https:\/\/www.musical-ensemble-erft.de\/wordpress\/wp-content\/uploads\/2019\/01\/Flyer_FRONT2Dates_SSM-357x500.jpg 357w\" sizes=\"auto, (max-width: 856px) 100vw, 856px\" \/><figcaption class=\"wp-element-caption\">Design: Thomas Atzenbeck<\/figcaption><\/figure>\n<\/div>","protected":false},"excerpt":{"rendered":"<p>Ein spie\u00dfiger Banker. Eine provokante K\u00fcnstlerin. Ein Blind Date. Was k\u00f6nnte da schon schief gehen? Das Musical FIRST DATE ist moderne Broadway-Comedy in H\u00f6chstform \u2013 herausfordernd f\u00fcr die Darsteller, beste Unterhaltung f\u00fcr jeden, der in seinem Leben schon einmal ein Date hatte. Als erst zweite Produktion in Deutschland haben wir die Auff\u00fchrungsrechte f\u00fcr FIRST DATE [&hellip;]<\/p>\n","protected":false},"author":1,"featured_media":5171,"parent":1259,"menu_order":0,"comment_status":"closed","ping_status":"closed","template":"","meta":{"footnotes":""},"class_list":["post-5121","page","type-page","status-publish","has-post-thumbnail","hentry","post-preview"],"_links":{"self":[{"href":"https:\/\/www.musical-ensemble-erft.de\/wordpress\/wp-json\/wp\/v2\/pages\/5121","targetHints":{"allow":["GET"]}}],"collection":[{"href":"https:\/\/www.musical-ensemble-erft.de\/wordpress\/wp-json\/wp\/v2\/pages"}],"about":[{"href":"https:\/\/www.musical-ensemble-erft.de\/wordpress\/wp-json\/wp\/v2\/types\/page"}],"author":[{"embeddable":true,"href":"https:\/\/www.musical-ensemble-erft.de\/wordpress\/wp-json\/wp\/v2\/users\/1"}],"replies":[{"embeddable":true,"href":"https:\/\/www.musical-ensemble-erft.de\/wordpress\/wp-json\/wp\/v2\/comments?post=5121"}],"version-history":[{"count":13,"href":"https:\/\/www.musical-ensemble-erft.de\/wordpress\/wp-json\/wp\/v2\/pages\/5121\/revisions"}],"predecessor-version":[{"id":5566,"href":"https:\/\/www.musical-ensemble-erft.de\/wordpress\/wp-json\/wp\/v2\/pages\/5121\/revisions\/5566"}],"up":[{"embeddable":true,"href":"https:\/\/www.musical-ensemble-erft.de\/wordpress\/wp-json\/wp\/v2\/pages\/1259"}],"wp:featuredmedia":[{"embeddable":true,"href":"https:\/\/www.musical-ensemble-erft.de\/wordpress\/wp-json\/wp\/v2\/media\/5171"}],"wp:attachment":[{"href":"https:\/\/www.musical-ensemble-erft.de\/wordpress\/wp-json\/wp\/v2\/media?parent=5121"}],"curies":[{"name":"wp","href":"https:\/\/api.w.org\/{rel}","templated":true}]}}