{"id":5123,"date":"2018-11-30T10:17:42","date_gmt":"2018-11-30T08:17:42","guid":{"rendered":"https:\/\/www.musical-ensemble-erft.de\/wordpress\/?page_id=5123"},"modified":"2024-06-18T08:57:19","modified_gmt":"2024-06-18T06:57:19","slug":"cast-crew","status":"publish","type":"page","link":"https:\/\/www.musical-ensemble-erft.de\/wordpress\/projekte\/first-date\/cast-crew\/","title":{"rendered":"Cast &#038; Crew"},"content":{"rendered":"\n<p><strong><u>Darsteller:<\/u><\/strong><\/p>\n\n\n\n<p><b>Aaron:&nbsp;<\/b>Tim Stranowsky<br><b>Casey:&nbsp;<\/b>Laura Hatko<br><b>Mann 1 (Gabe, Brite, Youtube u.a.):&nbsp;<\/b>Alexander Geiger \/ Philipp Schwerhoff<br><b>Frau 1 (Oma Ida, Lauren, Aarons Mutter u.a.):&nbsp;<\/b>Sarah Wichmann \/ Katrin Janke<br><b>Mann 2 (Reggie, der Sohn, Rocker u.a.):&nbsp;<\/b>Miguel Schlang<br><strong>Frau 2 (Allison, Google u.a.): <\/strong>Anja Boden \/ Nadine Schulz<br><b>Mann 3 (Kellner, Caseys Vater, Therapeut u.a.): <\/b>Marco Maciejewski \/ Markus B\u00fcrgel<\/p>\n\n\n\n<figure class=\"wp-block-gallery has-nested-images columns-3 is-cropped wp-block-gallery-1 is-layout-flex wp-block-gallery-is-layout-flex\">\n<figure class=\"wp-block-image size-large\"><img loading=\"lazy\" decoding=\"async\" width=\"1024\" height=\"1024\" data-id=\"5271\" src=\"https:\/\/www.musical-ensemble-erft.de\/wordpress\/wp-content\/uploads\/2019\/04\/W6C7449_insta-1024x1024.jpg\" alt=\"\" class=\"wp-image-5271\" srcset=\"https:\/\/www.musical-ensemble-erft.de\/wordpress\/wp-content\/uploads\/2019\/04\/W6C7449_insta-1024x1024.jpg 1024w, https:\/\/www.musical-ensemble-erft.de\/wordpress\/wp-content\/uploads\/2019\/04\/W6C7449_insta-200x200.jpg 200w, https:\/\/www.musical-ensemble-erft.de\/wordpress\/wp-content\/uploads\/2019\/04\/W6C7449_insta-400x400.jpg 400w, https:\/\/www.musical-ensemble-erft.de\/wordpress\/wp-content\/uploads\/2019\/04\/W6C7449_insta-768x768.jpg 768w, https:\/\/www.musical-ensemble-erft.de\/wordpress\/wp-content\/uploads\/2019\/04\/W6C7449_insta-500x500.jpg 500w, https:\/\/www.musical-ensemble-erft.de\/wordpress\/wp-content\/uploads\/2019\/04\/W6C7449_insta.jpg 1500w\" sizes=\"auto, (max-width: 1024px) 100vw, 1024px\" \/><\/figure>\n\n\n\n<figure class=\"wp-block-image size-large\"><img loading=\"lazy\" decoding=\"async\" width=\"1024\" height=\"1024\" data-id=\"5272\" src=\"https:\/\/www.musical-ensemble-erft.de\/wordpress\/wp-content\/uploads\/2019\/04\/W6C7564_insta-1024x1024.jpg\" alt=\"\" class=\"wp-image-5272\" srcset=\"https:\/\/www.musical-ensemble-erft.de\/wordpress\/wp-content\/uploads\/2019\/04\/W6C7564_insta-1024x1024.jpg 1024w, https:\/\/www.musical-ensemble-erft.de\/wordpress\/wp-content\/uploads\/2019\/04\/W6C7564_insta-200x200.jpg 200w, https:\/\/www.musical-ensemble-erft.de\/wordpress\/wp-content\/uploads\/2019\/04\/W6C7564_insta-400x400.jpg 400w, https:\/\/www.musical-ensemble-erft.de\/wordpress\/wp-content\/uploads\/2019\/04\/W6C7564_insta-768x768.jpg 768w, https:\/\/www.musical-ensemble-erft.de\/wordpress\/wp-content\/uploads\/2019\/04\/W6C7564_insta-500x500.jpg 500w, https:\/\/www.musical-ensemble-erft.de\/wordpress\/wp-content\/uploads\/2019\/04\/W6C7564_insta.jpg 1500w\" sizes=\"auto, (max-width: 1024px) 100vw, 1024px\" \/><\/figure>\n\n\n\n<figure class=\"wp-block-image size-large\"><img loading=\"lazy\" decoding=\"async\" width=\"1024\" height=\"1024\" data-id=\"5279\" src=\"https:\/\/www.musical-ensemble-erft.de\/wordpress\/wp-content\/uploads\/2019\/04\/W6C8069_insta-1024x1024.jpg\" alt=\"\" class=\"wp-image-5279\" srcset=\"https:\/\/www.musical-ensemble-erft.de\/wordpress\/wp-content\/uploads\/2019\/04\/W6C8069_insta-1024x1024.jpg 1024w, https:\/\/www.musical-ensemble-erft.de\/wordpress\/wp-content\/uploads\/2019\/04\/W6C8069_insta-200x200.jpg 200w, https:\/\/www.musical-ensemble-erft.de\/wordpress\/wp-content\/uploads\/2019\/04\/W6C8069_insta-400x400.jpg 400w, https:\/\/www.musical-ensemble-erft.de\/wordpress\/wp-content\/uploads\/2019\/04\/W6C8069_insta-768x768.jpg 768w, https:\/\/www.musical-ensemble-erft.de\/wordpress\/wp-content\/uploads\/2019\/04\/W6C8069_insta-500x500.jpg 500w, https:\/\/www.musical-ensemble-erft.de\/wordpress\/wp-content\/uploads\/2019\/04\/W6C8069_insta.jpg 1500w\" sizes=\"auto, (max-width: 1024px) 100vw, 1024px\" \/><\/figure>\n\n\n\n<figure class=\"wp-block-image size-large\"><img loading=\"lazy\" decoding=\"async\" width=\"1024\" height=\"1024\" data-id=\"5278\" src=\"https:\/\/www.musical-ensemble-erft.de\/wordpress\/wp-content\/uploads\/2019\/04\/W6C8011_insta-1024x1024.jpg\" alt=\"\" class=\"wp-image-5278\" srcset=\"https:\/\/www.musical-ensemble-erft.de\/wordpress\/wp-content\/uploads\/2019\/04\/W6C8011_insta-1024x1024.jpg 1024w, https:\/\/www.musical-ensemble-erft.de\/wordpress\/wp-content\/uploads\/2019\/04\/W6C8011_insta-200x200.jpg 200w, https:\/\/www.musical-ensemble-erft.de\/wordpress\/wp-content\/uploads\/2019\/04\/W6C8011_insta-400x400.jpg 400w, https:\/\/www.musical-ensemble-erft.de\/wordpress\/wp-content\/uploads\/2019\/04\/W6C8011_insta-768x768.jpg 768w, https:\/\/www.musical-ensemble-erft.de\/wordpress\/wp-content\/uploads\/2019\/04\/W6C8011_insta-500x500.jpg 500w, https:\/\/www.musical-ensemble-erft.de\/wordpress\/wp-content\/uploads\/2019\/04\/W6C8011_insta.jpg 1500w\" sizes=\"auto, (max-width: 1024px) 100vw, 1024px\" \/><\/figure>\n\n\n\n<figure class=\"wp-block-image size-large\"><img loading=\"lazy\" decoding=\"async\" width=\"1024\" height=\"1024\" data-id=\"5274\" src=\"https:\/\/www.musical-ensemble-erft.de\/wordpress\/wp-content\/uploads\/2019\/04\/W6C7809_insta-1024x1024.jpg\" alt=\"\" class=\"wp-image-5274\" srcset=\"https:\/\/www.musical-ensemble-erft.de\/wordpress\/wp-content\/uploads\/2019\/04\/W6C7809_insta-1024x1024.jpg 1024w, https:\/\/www.musical-ensemble-erft.de\/wordpress\/wp-content\/uploads\/2019\/04\/W6C7809_insta-200x200.jpg 200w, https:\/\/www.musical-ensemble-erft.de\/wordpress\/wp-content\/uploads\/2019\/04\/W6C7809_insta-400x400.jpg 400w, https:\/\/www.musical-ensemble-erft.de\/wordpress\/wp-content\/uploads\/2019\/04\/W6C7809_insta-768x768.jpg 768w, https:\/\/www.musical-ensemble-erft.de\/wordpress\/wp-content\/uploads\/2019\/04\/W6C7809_insta-500x500.jpg 500w, https:\/\/www.musical-ensemble-erft.de\/wordpress\/wp-content\/uploads\/2019\/04\/W6C7809_insta.jpg 1500w\" sizes=\"auto, (max-width: 1024px) 100vw, 1024px\" \/><\/figure>\n\n\n\n<figure class=\"wp-block-image size-large\"><img loading=\"lazy\" decoding=\"async\" width=\"1024\" height=\"1024\" data-id=\"5275\" src=\"https:\/\/www.musical-ensemble-erft.de\/wordpress\/wp-content\/uploads\/2019\/04\/W6C7883_insta-1024x1024.jpg\" alt=\"\" class=\"wp-image-5275\" srcset=\"https:\/\/www.musical-ensemble-erft.de\/wordpress\/wp-content\/uploads\/2019\/04\/W6C7883_insta-1024x1024.jpg 1024w, https:\/\/www.musical-ensemble-erft.de\/wordpress\/wp-content\/uploads\/2019\/04\/W6C7883_insta-200x200.jpg 200w, https:\/\/www.musical-ensemble-erft.de\/wordpress\/wp-content\/uploads\/2019\/04\/W6C7883_insta-400x400.jpg 400w, https:\/\/www.musical-ensemble-erft.de\/wordpress\/wp-content\/uploads\/2019\/04\/W6C7883_insta-768x768.jpg 768w, https:\/\/www.musical-ensemble-erft.de\/wordpress\/wp-content\/uploads\/2019\/04\/W6C7883_insta-500x500.jpg 500w, https:\/\/www.musical-ensemble-erft.de\/wordpress\/wp-content\/uploads\/2019\/04\/W6C7883_insta.jpg 1500w\" sizes=\"auto, (max-width: 1024px) 100vw, 1024px\" \/><\/figure>\n\n\n\n<figure class=\"wp-block-image size-large\"><img loading=\"lazy\" decoding=\"async\" width=\"1024\" height=\"1024\" data-id=\"5281\" src=\"https:\/\/www.musical-ensemble-erft.de\/wordpress\/wp-content\/uploads\/2019\/04\/W6C8131_insta-1024x1024.jpg\" alt=\"\" class=\"wp-image-5281\" srcset=\"https:\/\/www.musical-ensemble-erft.de\/wordpress\/wp-content\/uploads\/2019\/04\/W6C8131_insta-1024x1024.jpg 1024w, https:\/\/www.musical-ensemble-erft.de\/wordpress\/wp-content\/uploads\/2019\/04\/W6C8131_insta-200x200.jpg 200w, https:\/\/www.musical-ensemble-erft.de\/wordpress\/wp-content\/uploads\/2019\/04\/W6C8131_insta-400x400.jpg 400w, https:\/\/www.musical-ensemble-erft.de\/wordpress\/wp-content\/uploads\/2019\/04\/W6C8131_insta-768x768.jpg 768w, https:\/\/www.musical-ensemble-erft.de\/wordpress\/wp-content\/uploads\/2019\/04\/W6C8131_insta-500x500.jpg 500w, https:\/\/www.musical-ensemble-erft.de\/wordpress\/wp-content\/uploads\/2019\/04\/W6C8131_insta.jpg 1500w\" sizes=\"auto, (max-width: 1024px) 100vw, 1024px\" \/><\/figure>\n\n\n\n<figure class=\"wp-block-image size-large\"><img loading=\"lazy\" decoding=\"async\" width=\"1024\" height=\"1024\" data-id=\"5280\" src=\"https:\/\/www.musical-ensemble-erft.de\/wordpress\/wp-content\/uploads\/2019\/04\/W6C8128_insta-1024x1024.jpg\" alt=\"\" class=\"wp-image-5280\" srcset=\"https:\/\/www.musical-ensemble-erft.de\/wordpress\/wp-content\/uploads\/2019\/04\/W6C8128_insta-1024x1024.jpg 1024w, https:\/\/www.musical-ensemble-erft.de\/wordpress\/wp-content\/uploads\/2019\/04\/W6C8128_insta-200x200.jpg 200w, https:\/\/www.musical-ensemble-erft.de\/wordpress\/wp-content\/uploads\/2019\/04\/W6C8128_insta-400x400.jpg 400w, https:\/\/www.musical-ensemble-erft.de\/wordpress\/wp-content\/uploads\/2019\/04\/W6C8128_insta-768x768.jpg 768w, https:\/\/www.musical-ensemble-erft.de\/wordpress\/wp-content\/uploads\/2019\/04\/W6C8128_insta-500x500.jpg 500w, https:\/\/www.musical-ensemble-erft.de\/wordpress\/wp-content\/uploads\/2019\/04\/W6C8128_insta.jpg 1500w\" sizes=\"auto, (max-width: 1024px) 100vw, 1024px\" \/><\/figure>\n\n\n\n<figure class=\"wp-block-image size-large\"><img loading=\"lazy\" decoding=\"async\" width=\"1024\" height=\"1024\" data-id=\"5273\" src=\"https:\/\/www.musical-ensemble-erft.de\/wordpress\/wp-content\/uploads\/2019\/04\/W6C7668_insta-1024x1024.jpg\" alt=\"\" class=\"wp-image-5273\" srcset=\"https:\/\/www.musical-ensemble-erft.de\/wordpress\/wp-content\/uploads\/2019\/04\/W6C7668_insta-1024x1024.jpg 1024w, https:\/\/www.musical-ensemble-erft.de\/wordpress\/wp-content\/uploads\/2019\/04\/W6C7668_insta-200x200.jpg 200w, https:\/\/www.musical-ensemble-erft.de\/wordpress\/wp-content\/uploads\/2019\/04\/W6C7668_insta-400x400.jpg 400w, https:\/\/www.musical-ensemble-erft.de\/wordpress\/wp-content\/uploads\/2019\/04\/W6C7668_insta-768x768.jpg 768w, https:\/\/www.musical-ensemble-erft.de\/wordpress\/wp-content\/uploads\/2019\/04\/W6C7668_insta-500x500.jpg 500w, https:\/\/www.musical-ensemble-erft.de\/wordpress\/wp-content\/uploads\/2019\/04\/W6C7668_insta.jpg 1500w\" sizes=\"auto, (max-width: 1024px) 100vw, 1024px\" \/><\/figure>\n\n\n\n<figure class=\"wp-block-image size-large\"><img loading=\"lazy\" decoding=\"async\" width=\"1024\" height=\"1024\" data-id=\"5276\" src=\"https:\/\/www.musical-ensemble-erft.de\/wordpress\/wp-content\/uploads\/2019\/04\/W6C7939_insta-1024x1024.jpg\" alt=\"\" class=\"wp-image-5276\" srcset=\"https:\/\/www.musical-ensemble-erft.de\/wordpress\/wp-content\/uploads\/2019\/04\/W6C7939_insta-1024x1024.jpg 1024w, https:\/\/www.musical-ensemble-erft.de\/wordpress\/wp-content\/uploads\/2019\/04\/W6C7939_insta-200x200.jpg 200w, https:\/\/www.musical-ensemble-erft.de\/wordpress\/wp-content\/uploads\/2019\/04\/W6C7939_insta-400x400.jpg 400w, https:\/\/www.musical-ensemble-erft.de\/wordpress\/wp-content\/uploads\/2019\/04\/W6C7939_insta-768x768.jpg 768w, https:\/\/www.musical-ensemble-erft.de\/wordpress\/wp-content\/uploads\/2019\/04\/W6C7939_insta-500x500.jpg 500w, https:\/\/www.musical-ensemble-erft.de\/wordpress\/wp-content\/uploads\/2019\/04\/W6C7939_insta.jpg 1500w\" sizes=\"auto, (max-width: 1024px) 100vw, 1024px\" \/><\/figure>\n\n\n\n<figure class=\"wp-block-image size-large\"><img loading=\"lazy\" decoding=\"async\" width=\"1024\" height=\"1024\" data-id=\"5277\" src=\"https:\/\/www.musical-ensemble-erft.de\/wordpress\/wp-content\/uploads\/2019\/04\/W6C8004_insta-1024x1024.jpg\" alt=\"\" class=\"wp-image-5277\" srcset=\"https:\/\/www.musical-ensemble-erft.de\/wordpress\/wp-content\/uploads\/2019\/04\/W6C8004_insta-1024x1024.jpg 1024w, https:\/\/www.musical-ensemble-erft.de\/wordpress\/wp-content\/uploads\/2019\/04\/W6C8004_insta-200x200.jpg 200w, https:\/\/www.musical-ensemble-erft.de\/wordpress\/wp-content\/uploads\/2019\/04\/W6C8004_insta-400x400.jpg 400w, https:\/\/www.musical-ensemble-erft.de\/wordpress\/wp-content\/uploads\/2019\/04\/W6C8004_insta-768x768.jpg 768w, https:\/\/www.musical-ensemble-erft.de\/wordpress\/wp-content\/uploads\/2019\/04\/W6C8004_insta-500x500.jpg 500w, https:\/\/www.musical-ensemble-erft.de\/wordpress\/wp-content\/uploads\/2019\/04\/W6C8004_insta.jpg 1500w\" sizes=\"auto, (max-width: 1024px) 100vw, 1024px\" \/><\/figure>\n<\/figure>\n\n\n\n<p><strong><u>Kreativteam:<\/u><\/strong><\/p>\n\n\n\n<p><strong>K\u00fcnstlerische Gesamtleitung &amp; Regie:<\/strong> Barbara Franck<br><strong>Musikalische Leitung: <\/strong>David Mertin<br><strong>T\u00e4nzerische Leitung &amp; Choreographien: <\/strong>Laura Hatko<\/p>\n\n\n\n<p><strong>B\u00fchnenkonzept &amp; Lichtdesign:<\/strong>&nbsp;Marco Maciejewski<br><strong>PR &amp; Marketing:<\/strong> Laura Hatko \/ Barbara Franck<br><strong>Artwork: <\/strong><a href=\"http:\/\/www.brand-verhalten.de\" target=\"_blank\" rel=\"noopener noreferrer\">Thomas Atzenbeck Design \/\/ Brand-Verhalten<\/a><br><strong>Fotos: <\/strong>Chris Becker Fotografie<br><strong>Videodesign:<\/strong> Jonas Wender<\/p>\n\n\n\n<p><strong>Ltg. Ticketing:<\/strong> Sarah Wichmann<br><strong>Veranstaltungstechnik: <\/strong><a href=\"http:\/\/totalanders.de\" target=\"_blank\" rel=\"noopener noreferrer\">total anders. Licht Ton B\u00fchne.<\/a><br><strong>Lighting Operator:<\/strong> Cora Mathern<\/p>\n\n\n\n<p><strong><u>Die Musiker:<\/u><\/strong><br><strong>Keyboard \/ Bandleitung:<\/strong>&nbsp;David Mertin<br>\n<strong>Keyboard:<\/strong>&nbsp;Bernd Hofemann<br><strong>Gitarre:<\/strong>&nbsp;Benjamin Pl\u00fcck<br><strong>Bass:<\/strong> Katharina Wolf<br><strong>Drums:<\/strong> Julian Buhe \/ Markus Meiser<\/p>\n\n\n\n<p><strong>Buch von Austin Winsberg<\/strong><br><strong>Musik und Gesangstexte von Alan Zachary &amp; Michael Weiner<br>Deutsch von Nico Rabenald<\/strong><\/p>\n\n\n\n<p>Die \u00dcbertragung des Auff\u00fchrungsrechtes erfolgt in \u00dcbereinkunft mit gallissas Theaterverlag und Mediaagentur gmbh.<\/p>\n\n\n<div class=\"wp-block-image\">\n<figure class=\"aligncenter\"><img loading=\"lazy\" decoding=\"async\" width=\"2362\" height=\"1181\" src=\"https:\/\/www.musical-ensemble-erft.de\/wordpress\/wp-content\/uploads\/2018\/11\/FirstDate_Logo_Auswahl.jpg\" alt=\"First Date \u2013 Musical Ensemble Erft \u2013 (c)Thomas Atzenbeck Design\" class=\"wp-image-5142\" srcset=\"https:\/\/www.musical-ensemble-erft.de\/wordpress\/wp-content\/uploads\/2018\/11\/FirstDate_Logo_Auswahl.jpg 2362w, https:\/\/www.musical-ensemble-erft.de\/wordpress\/wp-content\/uploads\/2018\/11\/FirstDate_Logo_Auswahl-400x200.jpg 400w, https:\/\/www.musical-ensemble-erft.de\/wordpress\/wp-content\/uploads\/2018\/11\/FirstDate_Logo_Auswahl-768x384.jpg 768w, https:\/\/www.musical-ensemble-erft.de\/wordpress\/wp-content\/uploads\/2018\/11\/FirstDate_Logo_Auswahl-1024x512.jpg 1024w, https:\/\/www.musical-ensemble-erft.de\/wordpress\/wp-content\/uploads\/2018\/11\/FirstDate_Logo_Auswahl-1000x500.jpg 1000w\" sizes=\"auto, (max-width: 2362px) 100vw, 2362px\" \/><\/figure>\n<\/div>","protected":false},"excerpt":{"rendered":"<p>Darsteller: Aaron:&nbsp;Tim StranowskyCasey:&nbsp;Laura HatkoMann 1 (Gabe, Brite, Youtube u.a.):&nbsp;Alexander Geiger \/ Philipp SchwerhoffFrau 1 (Oma Ida, Lauren, Aarons Mutter u.a.):&nbsp;Sarah Wichmann \/ Katrin JankeMann 2 (Reggie, der Sohn, Rocker u.a.):&nbsp;Miguel SchlangFrau 2 (Allison, Google u.a.): Anja Boden \/ Nadine SchulzMann 3 (Kellner, Caseys Vater, Therapeut u.a.): Marco Maciejewski \/ Markus B\u00fcrgel Kreativteam: K\u00fcnstlerische Gesamtleitung &amp; [&hellip;]<\/p>\n","protected":false},"author":1,"featured_media":5142,"parent":5121,"menu_order":0,"comment_status":"closed","ping_status":"closed","template":"","meta":{"footnotes":""},"class_list":["post-5123","page","type-page","status-publish","has-post-thumbnail","hentry","post-preview"],"_links":{"self":[{"href":"https:\/\/www.musical-ensemble-erft.de\/wordpress\/wp-json\/wp\/v2\/pages\/5123","targetHints":{"allow":["GET"]}}],"collection":[{"href":"https:\/\/www.musical-ensemble-erft.de\/wordpress\/wp-json\/wp\/v2\/pages"}],"about":[{"href":"https:\/\/www.musical-ensemble-erft.de\/wordpress\/wp-json\/wp\/v2\/types\/page"}],"author":[{"embeddable":true,"href":"https:\/\/www.musical-ensemble-erft.de\/wordpress\/wp-json\/wp\/v2\/users\/1"}],"replies":[{"embeddable":true,"href":"https:\/\/www.musical-ensemble-erft.de\/wordpress\/wp-json\/wp\/v2\/comments?post=5123"}],"version-history":[{"count":15,"href":"https:\/\/www.musical-ensemble-erft.de\/wordpress\/wp-json\/wp\/v2\/pages\/5123\/revisions"}],"predecessor-version":[{"id":5569,"href":"https:\/\/www.musical-ensemble-erft.de\/wordpress\/wp-json\/wp\/v2\/pages\/5123\/revisions\/5569"}],"up":[{"embeddable":true,"href":"https:\/\/www.musical-ensemble-erft.de\/wordpress\/wp-json\/wp\/v2\/pages\/5121"}],"wp:featuredmedia":[{"embeddable":true,"href":"https:\/\/www.musical-ensemble-erft.de\/wordpress\/wp-json\/wp\/v2\/media\/5142"}],"wp:attachment":[{"href":"https:\/\/www.musical-ensemble-erft.de\/wordpress\/wp-json\/wp\/v2\/media?parent=5123"}],"curies":[{"name":"wp","href":"https:\/\/api.w.org\/{rel}","templated":true}]}}