{"id":5567,"date":"2024-06-20T16:00:00","date_gmt":"2024-06-20T14:00:00","guid":{"rendered":"https:\/\/www.musical-ensemble-erft.de\/wordpress\/?page_id=5567"},"modified":"2024-09-26T11:33:45","modified_gmt":"2024-09-26T09:33:45","slug":"kolpings-traum-2","status":"publish","type":"page","link":"https:\/\/www.musical-ensemble-erft.de\/wordpress\/projekte\/kolpings-traum-2\/","title":{"rendered":"Kolpings Traum"},"content":{"rendered":"\n<p><strong>Deutschland, Anfang des 19. Jahrhunderts. Ein gewaltiger, revolution\u00e4rer Wandel hat Europa ergriffen: Die Welt erlebt die Geburt des Industriezeitalters \u2013 dem Menschen tritt die Maschine gegen\u00fcber. W\u00e4hrend wenige Gro\u00dfindustrielle von diesem Wandel profitieren, schuften Arbeiter f\u00fcr einen Hungerlohn in verru\u00dften Fabriken. <\/strong><\/p>\n\n\n\n<p>In diese Zeit wird 1813 in Kerpen Adolph Kolping geboren. Erst als Schustergeselle auf der Wanderschaft, studiert er sp\u00e4ter Theologie, setzt sich als Priester f\u00fcr die \u00c4rmsten der Gesellschaft und die Rechte der Arbeiterschaft ein und gr\u00fcndet schlie\u00dflich die ersten Gesellenvereine. Kolping formulierte eine Vision einer gerechten Gesellschaft und vom Zusammenhalt aller Menschen, die bis heute in Kolpingwerken und -familien auf der ganzen Welt Bestand hat. Das Musical KOLPINGS TRAUM erz\u00e4hlt die Lebensgeschichte dieses au\u00dfergew\u00f6hnlichen Mannes. Uraufgef\u00fchrt 2013 in Wuppertal durch die renommierte Produktionsfirma Spotlight Musicals, wurde das St\u00fcck 2015 einem breiten Publikum bekannt durch eine Auff\u00fchrung in der K\u00f6lner Lanxess Arena im Rahmen des Kolpingtages 2015 vor 15.000 begeisterten Fans. Unser Ensemble durfte damals als Extrachor auf der B\u00fchne die Auff\u00fchrung mitgestalten &#8211; seitdem war es unser Wunsch, das Musical einmal in Kerpen auf die B\u00fchne zu bringen. Nun ist es endlich soweit  &#8211;  durch mitrei\u00dfende Songs und eine packende Handlung erlaubt KOLPINGS TRAUM einen neuen Blick auf einen bedeutenden Mann und eine besonderen \u00c4ra der rheinischen Geschichte.<\/p>\n\n\n\n<p>21 Darsteller:innen (hier Infos zu <a href=\"https:\/\/www.musical-ensemble-erft.de\/wordpress\/projekte\/kolpings-traum-2\/cast-crew\/\">Cast &amp; Crew<\/a>) entf\u00fchren das Publikum ins Rheinland des 19. Jahrhunderts. Die Shows finden halbszenisch statt \u2013 das Solisten-Ensemble (es gibt zwei verschiedene Besetzungen) agiert vor einem Chor, begleitet von einem gro\u00dfen Live-Orchester und umrahmt von stimmungsvollen Projektionen.<\/p>\n\n\n\n<p>F\u00fcr aktuelle Einblicke in die Probenarbeit und mehr folgt uns einfach bei <a href=\"https:\/\/www.instagram.com\/musical_ensemble_erft\/\" data-type=\"link\" data-id=\"https:\/\/www.instagram.com\/musical_ensemble_erft\/\">Instagram<\/a> oder <a href=\"https:\/\/www.facebook.com\/musicalensembleerft\" data-type=\"link\" data-id=\"https:\/\/www.facebook.com\/musicalensembleerft\">Facebook<\/a>! <a href=\"https:\/\/www.musical-ensemble-erft.de\/wordpress\/tickets\/\">Tickets f\u00fcr KOLPINGS TRAUM in Kerpen<\/a> sind ab sofort erh\u00e4ltlich.<\/p>\n\n\n\n<blockquote class=\"wp-block-quote is-layout-flow wp-block-quote-is-layout-flow\">\n<p>Kraftvoll. Einnehmend. Ein mitrei\u00dfendes Erlebnis. <\/p>\n<cite>Musicalzentrale<\/cite><\/blockquote>\n\n\n\n<p><\/p>\n\n\n\n<p>Kolpings Traum. Musical von Dennis Martin. <br>Die \u00dcbertragung des Auff\u00fchrungsrechtes erfolgt in \u00dcbereinkunft mit dem St\u00fcckwerk Verlag GbR.<\/p>\n\n\n\n<p>Die Auff\u00fchrung von KOLPINGS TRAUM wird freundlich unterst\u00fctzt von der Kolpingstadt Kerpen, dem Rhein-Erft-Kreis und der Kultur- und Umweltstiftung der Kreissparkasse K\u00f6ln. <\/p>\n\n\n<div class=\"wp-block-image size-full wp-image-5213\">\n<figure class=\"aligncenter size-large\"><img loading=\"lazy\" decoding=\"async\" width=\"1024\" height=\"504\" src=\"https:\/\/www.musical-ensemble-erft.de\/wordpress\/wp-content\/uploads\/2024\/09\/img_5857-2-1-1024x504.jpg\" alt=\"\" class=\"wp-image-5625\" srcset=\"https:\/\/www.musical-ensemble-erft.de\/wordpress\/wp-content\/uploads\/2024\/09\/img_5857-2-1-1024x504.jpg 1024w, https:\/\/www.musical-ensemble-erft.de\/wordpress\/wp-content\/uploads\/2024\/09\/img_5857-2-1-400x197.jpg 400w, https:\/\/www.musical-ensemble-erft.de\/wordpress\/wp-content\/uploads\/2024\/09\/img_5857-2-1-768x378.jpg 768w, https:\/\/www.musical-ensemble-erft.de\/wordpress\/wp-content\/uploads\/2024\/09\/img_5857-2-1-676x333.jpg 676w, https:\/\/www.musical-ensemble-erft.de\/wordpress\/wp-content\/uploads\/2024\/09\/img_5857-2-1.jpg 1197w\" sizes=\"auto, (max-width: 1024px) 100vw, 1024px\" \/><\/figure>\n<\/div>","protected":false},"excerpt":{"rendered":"<p>Deutschland, Anfang des 19. Jahrhunderts. Ein gewaltiger, revolution\u00e4rer Wandel hat Europa ergriffen: Die Welt erlebt die Geburt des Industriezeitalters \u2013 dem Menschen tritt die Maschine gegen\u00fcber. W\u00e4hrend wenige Gro\u00dfindustrielle von diesem Wandel profitieren, schuften Arbeiter f\u00fcr einen Hungerlohn in verru\u00dften Fabriken. In diese Zeit wird 1813 in Kerpen Adolph Kolping geboren. Erst als Schustergeselle auf [&hellip;]<\/p>\n","protected":false},"author":1,"featured_media":5625,"parent":1259,"menu_order":0,"comment_status":"closed","ping_status":"closed","template":"","meta":{"footnotes":""},"class_list":["post-5567","page","type-page","status-publish","has-post-thumbnail","hentry","post-preview"],"_links":{"self":[{"href":"https:\/\/www.musical-ensemble-erft.de\/wordpress\/wp-json\/wp\/v2\/pages\/5567","targetHints":{"allow":["GET"]}}],"collection":[{"href":"https:\/\/www.musical-ensemble-erft.de\/wordpress\/wp-json\/wp\/v2\/pages"}],"about":[{"href":"https:\/\/www.musical-ensemble-erft.de\/wordpress\/wp-json\/wp\/v2\/types\/page"}],"author":[{"embeddable":true,"href":"https:\/\/www.musical-ensemble-erft.de\/wordpress\/wp-json\/wp\/v2\/users\/1"}],"replies":[{"embeddable":true,"href":"https:\/\/www.musical-ensemble-erft.de\/wordpress\/wp-json\/wp\/v2\/comments?post=5567"}],"version-history":[{"count":12,"href":"https:\/\/www.musical-ensemble-erft.de\/wordpress\/wp-json\/wp\/v2\/pages\/5567\/revisions"}],"predecessor-version":[{"id":5652,"href":"https:\/\/www.musical-ensemble-erft.de\/wordpress\/wp-json\/wp\/v2\/pages\/5567\/revisions\/5652"}],"up":[{"embeddable":true,"href":"https:\/\/www.musical-ensemble-erft.de\/wordpress\/wp-json\/wp\/v2\/pages\/1259"}],"wp:featuredmedia":[{"embeddable":true,"href":"https:\/\/www.musical-ensemble-erft.de\/wordpress\/wp-json\/wp\/v2\/media\/5625"}],"wp:attachment":[{"href":"https:\/\/www.musical-ensemble-erft.de\/wordpress\/wp-json\/wp\/v2\/media?parent=5567"}],"curies":[{"name":"wp","href":"https:\/\/api.w.org\/{rel}","templated":true}]}}