{"id":5571,"date":"2024-08-19T08:04:13","date_gmt":"2024-08-19T06:04:13","guid":{"rendered":"https:\/\/www.musical-ensemble-erft.de\/wordpress\/?page_id=5571"},"modified":"2024-10-29T17:54:18","modified_gmt":"2024-10-29T15:54:18","slug":"cast-crew","status":"publish","type":"page","link":"https:\/\/www.musical-ensemble-erft.de\/wordpress\/projekte\/kolpings-traum-2\/cast-crew\/","title":{"rendered":"Cast &amp; Crew"},"content":{"rendered":"\n<p><b>Adolph Kolping jung:&nbsp;<\/b>Daniel Wichmann \/ Alexander Geiger <br><b>Karl Wagner:&nbsp;<\/b>Tim Stranowsky \/ Miguel Schlang<br><b>Susanne Beck:&nbsp;<\/b>Anja Hemmann \/ Barbara Mocha<br><b>Wilhelm Karcher:&nbsp;<\/b>Markus B\u00fcrgel \/ Christoph Pae\u00dfens<br><b>Frieda Karcher: <\/b>Katrin Janke \/ Melina Pae\u00dfens<br><strong>Adolph Kolping alt: <\/strong>Hans-Josef&nbsp;P\u00fctz<br><strong>Johann Gregor Breuer: <\/strong>Marco Maciejewski <br><strong>Ensemble:  <\/strong>Jennifer Boldt, Annika Eggerath, Stefanie K\u00f6b, Nadine Linden, Sarah Wichmann, Saskia Rappenh\u00f6ner, Simone Rothkegel, Monika Schumacher, Joshua Vithayathil<\/p>\n\n\n\n<p><strong>K\u00fcnstlerische Gesamtleitung &amp; Regie:<\/strong> Barbara K\u00f6rner-Franck<br><strong>Musikalische Leitung: <\/strong>David Pesch<\/p>\n\n\n\n<div class=\"rl-gallery-container rl-loading\" id=\"rl-gallery-container-1\" data-gallery_id=\"5681\"> <div class=\"rl-gallery rl-basicgrid-gallery \" id=\"rl-gallery-1\" data-gallery_no=\"1\"> <div class=\"rl-gallery-item\"><a href=\"https:\/\/www.musical-ensemble-erft.de\/wordpress\/wp-content\/uploads\/2024\/10\/Kolping_Daniel.png\" title=\"\" data-rl_title=\"\" class=\"rl-gallery-link\" data-rl_caption=\"\" data-rel=\"lightbox-gallery-1\"><img loading=\"lazy\" decoding=\"async\" src=\"https:\/\/www.musical-ensemble-erft.de\/wordpress\/wp-content\/uploads\/2024\/10\/Kolping_Daniel-320x400.png\" width=\"320\" height=\"400\" alt=\"\"\/><\/a><\/div><div class=\"rl-gallery-item\"><a href=\"https:\/\/www.musical-ensemble-erft.de\/wordpress\/wp-content\/uploads\/2024\/10\/Kolping_Alex.png\" title=\"\" data-rl_title=\"\" class=\"rl-gallery-link\" data-rl_caption=\"\" data-rel=\"lightbox-gallery-1\"><img loading=\"lazy\" decoding=\"async\" src=\"https:\/\/www.musical-ensemble-erft.de\/wordpress\/wp-content\/uploads\/2024\/10\/Kolping_Alex-320x400.png\" width=\"320\" height=\"400\" alt=\"\"\/><\/a><\/div><div class=\"rl-gallery-item\"><a href=\"https:\/\/www.musical-ensemble-erft.de\/wordpress\/wp-content\/uploads\/2024\/10\/Karl_Tim.png\" title=\"\" data-rl_title=\"\" class=\"rl-gallery-link\" data-rl_caption=\"\" data-rel=\"lightbox-gallery-1\"><img loading=\"lazy\" decoding=\"async\" src=\"https:\/\/www.musical-ensemble-erft.de\/wordpress\/wp-content\/uploads\/2024\/10\/Karl_Tim-320x400.png\" width=\"320\" height=\"400\" alt=\"\"\/><\/a><\/div><div class=\"rl-gallery-item\"><a href=\"https:\/\/www.musical-ensemble-erft.de\/wordpress\/wp-content\/uploads\/2024\/10\/Karl_Miguel.png\" title=\"\" data-rl_title=\"\" class=\"rl-gallery-link\" data-rl_caption=\"\" data-rel=\"lightbox-gallery-1\"><img loading=\"lazy\" decoding=\"async\" src=\"https:\/\/www.musical-ensemble-erft.de\/wordpress\/wp-content\/uploads\/2024\/10\/Karl_Miguel-320x400.png\" width=\"320\" height=\"400\" alt=\"\"\/><\/a><\/div><div class=\"rl-gallery-item\"><a href=\"https:\/\/www.musical-ensemble-erft.de\/wordpress\/wp-content\/uploads\/2024\/10\/Susanne_Anja-Kopie.jpg\" title=\"\" data-rl_title=\"\" class=\"rl-gallery-link\" data-rl_caption=\"\" data-rel=\"lightbox-gallery-1\"><img loading=\"lazy\" decoding=\"async\" src=\"https:\/\/www.musical-ensemble-erft.de\/wordpress\/wp-content\/uploads\/2024\/10\/Susanne_Anja-Kopie-320x400.jpg\" width=\"320\" height=\"400\" alt=\"\"\/><\/a><\/div><div class=\"rl-gallery-item\"><a href=\"https:\/\/www.musical-ensemble-erft.de\/wordpress\/wp-content\/uploads\/2024\/10\/Susanne_Babsy.png\" title=\"\" data-rl_title=\"\" class=\"rl-gallery-link\" data-rl_caption=\"\" data-rel=\"lightbox-gallery-1\"><img loading=\"lazy\" decoding=\"async\" src=\"https:\/\/www.musical-ensemble-erft.de\/wordpress\/wp-content\/uploads\/2024\/10\/Susanne_Babsy-320x400.png\" width=\"320\" height=\"400\" alt=\"\"\/><\/a><\/div><div class=\"rl-gallery-item\"><a href=\"https:\/\/www.musical-ensemble-erft.de\/wordpress\/wp-content\/uploads\/2024\/10\/karcher_Markus.png\" title=\"\" data-rl_title=\"\" class=\"rl-gallery-link\" data-rl_caption=\"\" data-rel=\"lightbox-gallery-1\"><img loading=\"lazy\" decoding=\"async\" src=\"https:\/\/www.musical-ensemble-erft.de\/wordpress\/wp-content\/uploads\/2024\/10\/karcher_Markus-320x400.png\" width=\"320\" height=\"400\" alt=\"\"\/><\/a><\/div><div class=\"rl-gallery-item\"><a href=\"https:\/\/www.musical-ensemble-erft.de\/wordpress\/wp-content\/uploads\/2024\/10\/karcher_christoph.png\" title=\"\" data-rl_title=\"\" class=\"rl-gallery-link\" data-rl_caption=\"\" data-rel=\"lightbox-gallery-1\"><img loading=\"lazy\" decoding=\"async\" src=\"https:\/\/www.musical-ensemble-erft.de\/wordpress\/wp-content\/uploads\/2024\/10\/karcher_christoph-320x400.png\" width=\"320\" height=\"400\" alt=\"\"\/><\/a><\/div><div class=\"rl-gallery-item\"><a href=\"https:\/\/www.musical-ensemble-erft.de\/wordpress\/wp-content\/uploads\/2024\/10\/Frieda_Katrin-Kopie.jpg\" title=\"\" data-rl_title=\"\" class=\"rl-gallery-link\" data-rl_caption=\"\" data-rel=\"lightbox-gallery-1\"><img loading=\"lazy\" decoding=\"async\" src=\"https:\/\/www.musical-ensemble-erft.de\/wordpress\/wp-content\/uploads\/2024\/10\/Frieda_Katrin-Kopie-320x400.jpg\" width=\"320\" height=\"400\" alt=\"\"\/><\/a><\/div><div class=\"rl-gallery-item\"><a href=\"https:\/\/www.musical-ensemble-erft.de\/wordpress\/wp-content\/uploads\/2024\/10\/Frieda_melina-Kopie.jpg\" title=\"\" data-rl_title=\"\" class=\"rl-gallery-link\" data-rl_caption=\"\" data-rel=\"lightbox-gallery-1\"><img loading=\"lazy\" decoding=\"async\" src=\"https:\/\/www.musical-ensemble-erft.de\/wordpress\/wp-content\/uploads\/2024\/10\/Frieda_melina-Kopie-320x400.jpg\" width=\"320\" height=\"400\" alt=\"\"\/><\/a><\/div><div class=\"rl-gallery-item\"><a href=\"https:\/\/www.musical-ensemble-erft.de\/wordpress\/wp-content\/uploads\/2024\/10\/kolping_hajo.jpg\" title=\"\" data-rl_title=\"\" class=\"rl-gallery-link\" data-rl_caption=\"\" data-rel=\"lightbox-gallery-1\"><img loading=\"lazy\" decoding=\"async\" src=\"https:\/\/www.musical-ensemble-erft.de\/wordpress\/wp-content\/uploads\/2024\/10\/kolping_hajo-320x400.jpg\" width=\"320\" height=\"400\" alt=\"\"\/><\/a><\/div><div class=\"rl-gallery-item\"><a href=\"https:\/\/www.musical-ensemble-erft.de\/wordpress\/wp-content\/uploads\/2024\/10\/Breuer_Marco-Kopie.jpg\" title=\"\" data-rl_title=\"\" class=\"rl-gallery-link\" data-rl_caption=\"\" data-rel=\"lightbox-gallery-1\"><img loading=\"lazy\" decoding=\"async\" src=\"https:\/\/www.musical-ensemble-erft.de\/wordpress\/wp-content\/uploads\/2024\/10\/Breuer_Marco-Kopie-320x400.jpg\" width=\"320\" height=\"400\" alt=\"\"\/><\/a><\/div><div class=\"rl-gallery-item\"><a href=\"https:\/\/www.musical-ensemble-erft.de\/wordpress\/wp-content\/uploads\/2024\/10\/ens_jenny.png\" title=\"\" data-rl_title=\"\" class=\"rl-gallery-link\" data-rl_caption=\"\" data-rel=\"lightbox-gallery-1\"><img loading=\"lazy\" decoding=\"async\" src=\"https:\/\/www.musical-ensemble-erft.de\/wordpress\/wp-content\/uploads\/2024\/10\/ens_jenny-320x400.png\" width=\"320\" height=\"400\" alt=\"\"\/><\/a><\/div><div class=\"rl-gallery-item\"><a href=\"https:\/\/www.musical-ensemble-erft.de\/wordpress\/wp-content\/uploads\/2024\/10\/ens_anni.png\" title=\"\" data-rl_title=\"\" class=\"rl-gallery-link\" data-rl_caption=\"\" data-rel=\"lightbox-gallery-1\"><img loading=\"lazy\" decoding=\"async\" src=\"https:\/\/www.musical-ensemble-erft.de\/wordpress\/wp-content\/uploads\/2024\/10\/ens_anni-320x400.png\" width=\"320\" height=\"400\" alt=\"\"\/><\/a><\/div><div class=\"rl-gallery-item\"><a href=\"https:\/\/www.musical-ensemble-erft.de\/wordpress\/wp-content\/uploads\/2024\/10\/ens_steffi.png\" title=\"\" data-rl_title=\"\" class=\"rl-gallery-link\" data-rl_caption=\"\" data-rel=\"lightbox-gallery-1\"><img loading=\"lazy\" decoding=\"async\" src=\"https:\/\/www.musical-ensemble-erft.de\/wordpress\/wp-content\/uploads\/2024\/10\/ens_steffi-320x400.png\" width=\"320\" height=\"400\" alt=\"\"\/><\/a><\/div><div class=\"rl-gallery-item\"><a href=\"https:\/\/www.musical-ensemble-erft.de\/wordpress\/wp-content\/uploads\/2024\/10\/ens_nadine.png\" title=\"\" data-rl_title=\"\" class=\"rl-gallery-link\" data-rl_caption=\"\" data-rel=\"lightbox-gallery-1\"><img loading=\"lazy\" decoding=\"async\" src=\"https:\/\/www.musical-ensemble-erft.de\/wordpress\/wp-content\/uploads\/2024\/10\/ens_nadine-320x400.png\" width=\"320\" height=\"400\" alt=\"\"\/><\/a><\/div><div class=\"rl-gallery-item\"><a href=\"https:\/\/www.musical-ensemble-erft.de\/wordpress\/wp-content\/uploads\/2024\/10\/ens_Saskia.png\" title=\"\" data-rl_title=\"\" class=\"rl-gallery-link\" data-rl_caption=\"\" data-rel=\"lightbox-gallery-1\"><img loading=\"lazy\" decoding=\"async\" src=\"https:\/\/www.musical-ensemble-erft.de\/wordpress\/wp-content\/uploads\/2024\/10\/ens_Saskia-320x400.png\" width=\"320\" height=\"400\" alt=\"\"\/><\/a><\/div><div class=\"rl-gallery-item\"><a href=\"https:\/\/www.musical-ensemble-erft.de\/wordpress\/wp-content\/uploads\/2024\/10\/ens_simone.png\" title=\"\" data-rl_title=\"\" class=\"rl-gallery-link\" data-rl_caption=\"\" data-rel=\"lightbox-gallery-1\"><img loading=\"lazy\" decoding=\"async\" src=\"https:\/\/www.musical-ensemble-erft.de\/wordpress\/wp-content\/uploads\/2024\/10\/ens_simone-320x400.png\" width=\"320\" height=\"400\" alt=\"\"\/><\/a><\/div><div class=\"rl-gallery-item\"><a href=\"https:\/\/www.musical-ensemble-erft.de\/wordpress\/wp-content\/uploads\/2024\/10\/ens_moni.png\" title=\"\" data-rl_title=\"\" class=\"rl-gallery-link\" data-rl_caption=\"\" data-rel=\"lightbox-gallery-1\"><img loading=\"lazy\" decoding=\"async\" src=\"https:\/\/www.musical-ensemble-erft.de\/wordpress\/wp-content\/uploads\/2024\/10\/ens_moni-320x400.png\" width=\"320\" height=\"400\" alt=\"\"\/><\/a><\/div><div class=\"rl-gallery-item\"><a href=\"https:\/\/www.musical-ensemble-erft.de\/wordpress\/wp-content\/uploads\/2024\/10\/ens_josh-Kopie.jpg\" title=\"\" data-rl_title=\"\" class=\"rl-gallery-link\" data-rl_caption=\"\" data-rel=\"lightbox-gallery-1\"><img loading=\"lazy\" decoding=\"async\" src=\"https:\/\/www.musical-ensemble-erft.de\/wordpress\/wp-content\/uploads\/2024\/10\/ens_josh-Kopie-320x400.jpg\" width=\"320\" height=\"400\" alt=\"\"\/><\/a><\/div><div class=\"rl-gallery-item\"><a href=\"https:\/\/www.musical-ensemble-erft.de\/wordpress\/wp-content\/uploads\/2024\/10\/ens_sarah-Kopie.jpg\" title=\"\" data-rl_title=\"\" class=\"rl-gallery-link\" data-rl_caption=\"\" data-rel=\"lightbox-gallery-1\"><img loading=\"lazy\" decoding=\"async\" src=\"https:\/\/www.musical-ensemble-erft.de\/wordpress\/wp-content\/uploads\/2024\/10\/ens_sarah-Kopie-320x400.jpg\" width=\"320\" height=\"400\" alt=\"\"\/><\/a><\/div><div class=\"rl-gallery-item\"><a href=\"https:\/\/www.musical-ensemble-erft.de\/wordpress\/wp-content\/uploads\/2024\/10\/musik_david.png\" title=\"\" data-rl_title=\"\" class=\"rl-gallery-link\" data-rl_caption=\"\" data-rel=\"lightbox-gallery-1\"><img loading=\"lazy\" decoding=\"async\" src=\"https:\/\/www.musical-ensemble-erft.de\/wordpress\/wp-content\/uploads\/2024\/10\/musik_david-320x400.png\" width=\"320\" height=\"400\" alt=\"\"\/><\/a><\/div><div class=\"rl-gallery-item\"><a href=\"https:\/\/www.musical-ensemble-erft.de\/wordpress\/wp-content\/uploads\/2024\/10\/regie_barbara.png\" title=\"\" data-rl_title=\"\" class=\"rl-gallery-link\" data-rl_caption=\"\" data-rel=\"lightbox-gallery-1\"><img loading=\"lazy\" decoding=\"async\" src=\"https:\/\/www.musical-ensemble-erft.de\/wordpress\/wp-content\/uploads\/2024\/10\/regie_barbara-320x400.png\" width=\"320\" height=\"400\" alt=\"\"\/><\/a><\/div> <\/div> <\/div>\n\n\n\n<p><strong>Orchester:<\/strong> <br><b>Fl\u00f6te:&nbsp;<\/b>Petra Niessen<br><b>Oboe:&nbsp;<\/b>Kathrin Bals<br><b>Klarinette:&nbsp;<\/b>Irene Bieniek<br><strong>Saxophon: <\/strong>Hermann-Josef Wunderlich<br><b>Horn: <\/b>Linus Bey<br><strong>Trompete: <\/strong>Kai Altwicker<br><b>Posaune:&nbsp;<\/b>Gregor Bals<br><b>Keyboard 1:&nbsp;<\/b>Benedikt Haastert<br><b>Keyboard 2:&nbsp;<\/b>Nick Otte<br><b>Violine: <\/b>N.N.<br><strong>Viola: <\/strong>Lilit Aruntanyan<br><b>Cello:&nbsp;<\/b>Hannah Schmitz<br><b>Gitarre:<\/b> Jonas Leberger<br><b>Bass:&nbsp;<\/b>David Schmitz<br><b>Drums: <\/b>Kai Gladbach<br><strong>Leitung: <\/strong>David Pesch<\/p>\n\n\n\n<p><strong>Veranstaltungstechnik: <\/strong><a href=\"http:\/\/totalanders.de\" target=\"_blank\" rel=\"noopener noreferrer\">total anders. Licht Ton B\u00fchne.<\/a><br><\/p>\n\n\n\n<p>Kolpings Traum. Musical von Dennis Martin<\/p>\n\n\n\n<p>Die \u00dcbertragung des Auff\u00fchrungsrechtes erfolgt in \u00dcbereinkunft mit der St\u00fcckwerk Verlag GbR.<\/p>\n\n\n<div class=\"wp-block-image\">\n<figure class=\"aligncenter size-large\"><img loading=\"lazy\" decoding=\"async\" width=\"1024\" height=\"504\" src=\"https:\/\/www.musical-ensemble-erft.de\/wordpress\/wp-content\/uploads\/2024\/09\/img_5857-1-1024x504.jpg\" alt=\"\" class=\"wp-image-5619\" srcset=\"https:\/\/www.musical-ensemble-erft.de\/wordpress\/wp-content\/uploads\/2024\/09\/img_5857-1-1024x504.jpg 1024w, https:\/\/www.musical-ensemble-erft.de\/wordpress\/wp-content\/uploads\/2024\/09\/img_5857-1-400x197.jpg 400w, https:\/\/www.musical-ensemble-erft.de\/wordpress\/wp-content\/uploads\/2024\/09\/img_5857-1-768x378.jpg 768w, https:\/\/www.musical-ensemble-erft.de\/wordpress\/wp-content\/uploads\/2024\/09\/img_5857-1-676x333.jpg 676w, https:\/\/www.musical-ensemble-erft.de\/wordpress\/wp-content\/uploads\/2024\/09\/img_5857-1.jpg 1197w\" sizes=\"auto, (max-width: 1024px) 100vw, 1024px\" \/><\/figure>\n<\/div>","protected":false},"excerpt":{"rendered":"<p>Adolph Kolping jung:&nbsp;Daniel Wichmann \/ Alexander Geiger Karl Wagner:&nbsp;Tim Stranowsky \/ Miguel SchlangSusanne Beck:&nbsp;Anja Hemmann \/ Barbara MochaWilhelm Karcher:&nbsp;Markus B\u00fcrgel \/ Christoph Pae\u00dfensFrieda Karcher: Katrin Janke \/ Melina Pae\u00dfensAdolph Kolping alt: Hans-Josef&nbsp;P\u00fctzJohann Gregor Breuer: Marco Maciejewski Ensemble: Jennifer Boldt, Annika Eggerath, Stefanie K\u00f6b, Nadine Linden, Sarah Wichmann, Saskia Rappenh\u00f6ner, Simone Rothkegel, Monika Schumacher, Joshua Vithayathil [&hellip;]<\/p>\n","protected":false},"author":1,"featured_media":0,"parent":5567,"menu_order":0,"comment_status":"closed","ping_status":"closed","template":"","meta":{"footnotes":""},"class_list":["post-5571","page","type-page","status-publish","hentry","post-preview"],"_links":{"self":[{"href":"https:\/\/www.musical-ensemble-erft.de\/wordpress\/wp-json\/wp\/v2\/pages\/5571","targetHints":{"allow":["GET"]}}],"collection":[{"href":"https:\/\/www.musical-ensemble-erft.de\/wordpress\/wp-json\/wp\/v2\/pages"}],"about":[{"href":"https:\/\/www.musical-ensemble-erft.de\/wordpress\/wp-json\/wp\/v2\/types\/page"}],"author":[{"embeddable":true,"href":"https:\/\/www.musical-ensemble-erft.de\/wordpress\/wp-json\/wp\/v2\/users\/1"}],"replies":[{"embeddable":true,"href":"https:\/\/www.musical-ensemble-erft.de\/wordpress\/wp-json\/wp\/v2\/comments?post=5571"}],"version-history":[{"count":19,"href":"https:\/\/www.musical-ensemble-erft.de\/wordpress\/wp-json\/wp\/v2\/pages\/5571\/revisions"}],"predecessor-version":[{"id":5688,"href":"https:\/\/www.musical-ensemble-erft.de\/wordpress\/wp-json\/wp\/v2\/pages\/5571\/revisions\/5688"}],"up":[{"embeddable":true,"href":"https:\/\/www.musical-ensemble-erft.de\/wordpress\/wp-json\/wp\/v2\/pages\/5567"}],"wp:attachment":[{"href":"https:\/\/www.musical-ensemble-erft.de\/wordpress\/wp-json\/wp\/v2\/media?parent=5571"}],"curies":[{"name":"wp","href":"https:\/\/api.w.org\/{rel}","templated":true}]}}