{"id":5865,"date":"2025-11-19T09:05:00","date_gmt":"2025-11-19T07:05:00","guid":{"rendered":"https:\/\/www.musical-ensemble-erft.de\/wordpress\/?page_id=5865"},"modified":"2026-01-05T17:07:17","modified_gmt":"2026-01-05T15:07:17","slug":"a-little-musical-christmas","status":"publish","type":"page","link":"https:\/\/www.musical-ensemble-erft.de\/wordpress\/a-little-musical-christmas\/","title":{"rendered":"A Little Musical Christmas"},"content":{"rendered":"\n<figure class=\"wp-block-image size-large\"><img loading=\"lazy\" decoding=\"async\" width=\"1024\" height=\"536\" src=\"https:\/\/www.musical-ensemble-erft.de\/wordpress\/wp-content\/uploads\/2025\/11\/Bild-Ticketshop-Kopie-1024x536.jpg\" alt=\"\" class=\"wp-image-5866\" srcset=\"https:\/\/www.musical-ensemble-erft.de\/wordpress\/wp-content\/uploads\/2025\/11\/Bild-Ticketshop-Kopie-1024x536.jpg 1024w, https:\/\/www.musical-ensemble-erft.de\/wordpress\/wp-content\/uploads\/2025\/11\/Bild-Ticketshop-Kopie-400x209.jpg 400w, https:\/\/www.musical-ensemble-erft.de\/wordpress\/wp-content\/uploads\/2025\/11\/Bild-Ticketshop-Kopie-768x402.jpg 768w, https:\/\/www.musical-ensemble-erft.de\/wordpress\/wp-content\/uploads\/2025\/11\/Bild-Ticketshop-Kopie-676x354.jpg 676w, https:\/\/www.musical-ensemble-erft.de\/wordpress\/wp-content\/uploads\/2025\/11\/Bild-Ticketshop-Kopie.jpg 1200w\" sizes=\"auto, (max-width: 1024px) 100vw, 1024px\" \/><\/figure>\n\n\n\n<p><strong>Musik, Gef\u00fchl und Weihnachtszauber: A Little Musical Christmas! Am 21. Dezember 2025 w\u00e4rmten wir mit diesem Konzert Herz und Seele und stimmten das Publikum im ausverkauften Horremer Pfarrhaus auf die Feiertage ein. <\/strong><\/p>\n\n\n\n<p>Auf dem Programm: Besinnliche Hits aus Musicals wie &#8222;Die Sch\u00f6ne und das Biest&#8220;, &#8222;Elisabeth&#8220; oder &#8222;Mozart!&#8220;, beliebte weihnachtliche Melodien und Musik aus Familienfilm-Klassikern. Ebenso wenig fehlen durften musikalische Erinnerungen an unsere bewegende letzte Produktion <a href=\"https:\/\/www.musical-ensemble-erft.de\/wordpress\/projekte\/kolpings-traum-2\/\" data-type=\"page\" data-id=\"5567\">KOLPINGS TRAUM<\/a> &#8211; und ein erster Vorgeschmack auf unser kommendes Musical <a href=\"https:\/\/www.musical-ensemble-erft.de\/wordpress\/projekte\/wie-im-himmel\/\" data-type=\"page\" data-id=\"5774\">WIE IM HIMMEL<\/a>.<\/p>\n\n\n\n<p><strong>Auf der B\u00fchne:\u00a0<\/strong>Michaela Berg, Jennifer Boldt, Markus B\u00fcrgel, Annika Eggerath, Anja Hemmann,  Steffi K\u00f6b, Nadine Linden, Barbara Mocha, Melina Pae\u00dfens, Christoph Pae\u00dfens, Saskia Rappenh\u00f6ner, Simone Rothkegel, Monika Schumacher, Miguel Schlang, Tim Stranowsky, Joshua Vithayathil, Daniel Wichmann, Sarah Wichmann<br><strong>Klavier: <\/strong>Benedikt Haastert<br><strong>Musikalische Einstudierung &amp; Tontechnik:<\/strong>\u00a0David Pesch<br><strong>Lighting Design &amp; Operator:<\/strong>\u00a0 Marco Maciejewski <\/p>\n\n\n\n<p><strong>Das Programm: <\/strong><\/p>\n\n\n\n<p>1) Stille Nacht \/ Wie sie mich r\u00fchr&#8217;n (Wie im Himmel) \u2013 Ensemble &amp; Tim<br>2) Die Sch\u00f6ne und das Biest \u2013 Sarah <br>3) A Whole New World (Aladdin) \u2013 Saskia \/ Joshua<br>4) Blind vom Licht der vielen Kerzen (Marie Antoinette) \u2013 Steffi<br>5) Dich kennen hei\u00dft dich lieben (Mozart!) \u2013 Melina &amp; Chris <br>6) Irgendwann (Goethe!) \u2013 Simone <br>7) Wenn ich tanzen will (Elisabeth) \u2013 Steffi &amp; Markus <br>8) Mrs. de Winter bin ich (Rebecca) \u2013 Jenny &amp; Melina <br>9) Wahres Gl\u00fcck (Rocky) \u2013 Michaela &amp; Tim<br>10) Das ist meine Stadt (Kolpings Traum) \u2013 Miguel, Tim &amp; Ensemble <br>11) Schlaflied (Kolpings Traum) \u2013 Babsy<br>12) Lebenszeichen (Kolpings Traum) \u2013 Daniel &amp; Ensemble<br><br>~ PAUSE ~<\/p>\n\n\n\n<p>1) Ich lass los (Die Eisk\u00f6nigin) \u2013 Anja<br>2) The Christmas Song \u2013 Joshua <br>3) I know him so well (Chess) \u2013 Melina &amp; Simone <br>4) Baby, It&#8217;s Cold Outside \u2013 Babsy &amp; Markus <br>5) Something&#8217;s Coming (West Side Story) &#8211; Daniel<br>6) Fairytale of New York \u2013 Sarah &amp; Chris<br>7) Have yourself a merry little Christmas \u2013 Michi<br>8) Gold von den Sternen (Mozart!) \u2013 Anja<br>9) Die Stunden, die ich noch hab (Wie im Himmel) \u2013 Tim <br>10) Nie f\u00fchlst du dich hier ganz allein (Wie im Himmel) \u2013 Jenny &amp; Daniel <br>11) Gabriellas Lied (Wie im Himmel) \u2013  Nadine &amp; Ensemble<br>12) Ein Lied aufs Leben (Wie im Himmel) \u2013 Anja, Nadine &amp; Ensemble<br>13) Seasons of Love (RENT) &#8211; Anja, Joshua &amp; Ensemble<\/p>\n\n\n\n<p>Die Auff\u00fchrung wurde gef\u00f6rdert durch den Amateurtheaterverband NRW e.V. und das Ministerium f\u00fcr Kultur und Wissenschaft NRW.<\/p>\n\n\n\n<p><\/p>\n","protected":false},"excerpt":{"rendered":"<p>Musik, Gef\u00fchl und Weihnachtszauber: A Little Musical Christmas! Am 21. Dezember 2025 w\u00e4rmten wir mit diesem Konzert Herz und Seele und stimmten das Publikum im ausverkauften Horremer Pfarrhaus auf die Feiertage ein. Auf dem Programm: Besinnliche Hits aus Musicals wie &#8222;Die Sch\u00f6ne und das Biest&#8220;, &#8222;Elisabeth&#8220; oder &#8222;Mozart!&#8220;, beliebte weihnachtliche Melodien und Musik aus Familienfilm-Klassikern. [&hellip;]<\/p>\n","protected":false},"author":1,"featured_media":0,"parent":0,"menu_order":0,"comment_status":"closed","ping_status":"closed","template":"","meta":{"footnotes":""},"class_list":["post-5865","page","type-page","status-publish","hentry","post-preview"],"_links":{"self":[{"href":"https:\/\/www.musical-ensemble-erft.de\/wordpress\/wp-json\/wp\/v2\/pages\/5865","targetHints":{"allow":["GET"]}}],"collection":[{"href":"https:\/\/www.musical-ensemble-erft.de\/wordpress\/wp-json\/wp\/v2\/pages"}],"about":[{"href":"https:\/\/www.musical-ensemble-erft.de\/wordpress\/wp-json\/wp\/v2\/types\/page"}],"author":[{"embeddable":true,"href":"https:\/\/www.musical-ensemble-erft.de\/wordpress\/wp-json\/wp\/v2\/users\/1"}],"replies":[{"embeddable":true,"href":"https:\/\/www.musical-ensemble-erft.de\/wordpress\/wp-json\/wp\/v2\/comments?post=5865"}],"version-history":[{"count":7,"href":"https:\/\/www.musical-ensemble-erft.de\/wordpress\/wp-json\/wp\/v2\/pages\/5865\/revisions"}],"predecessor-version":[{"id":5911,"href":"https:\/\/www.musical-ensemble-erft.de\/wordpress\/wp-json\/wp\/v2\/pages\/5865\/revisions\/5911"}],"wp:attachment":[{"href":"https:\/\/www.musical-ensemble-erft.de\/wordpress\/wp-json\/wp\/v2\/media?parent=5865"}],"curies":[{"name":"wp","href":"https:\/\/api.w.org\/{rel}","templated":true}]}}