{"id":6,"date":"2011-01-02T21:16:30","date_gmt":"2011-01-02T21:16:30","guid":{"rendered":"http:\/\/www.musical-ensemble-erft.de\/wordpress\/?page_id=6"},"modified":"2026-03-24T16:08:14","modified_gmt":"2026-03-24T14:08:14","slug":"ensemble","status":"publish","type":"page","link":"https:\/\/www.musical-ensemble-erft.de\/wordpress\/ensemble\/","title":{"rendered":"Ensemble"},"content":{"rendered":"\n<p><strong>Das Musical Ensemble Erft &#8211; viele Gesichter, eine Leidenschaft: Seit \u00fcber 25 Jahren stehen wir mit Konzerten, Shows und gro\u00dfen Musical-Produktionen f\u00fcr vielseitige Musiktheaterkultur in Kerpen.&nbsp;2016 wurde unsere Musicalgruppe mit dem Kulturpreis des Rhein-Erft-Kreises ausgezeichnet.<br><\/strong><\/p>\n\n\n<div class=\"wp-block-image\">\n<figure class=\"alignleft\"><a href=\"https:\/\/www.musical-ensemble-erft.de\/wordpress\/wp-content\/uploads\/2011\/01\/ttb.jpg\" data-rel=\"lightbox-image-0\" data-rl_title=\"Die Deutschlandpremiere von &quot;tick, tick...BOOM!&quot; in Kerpen.\" data-rl_caption=\"\" title=\"Die Deutschlandpremiere von &quot;tick, tick...BOOM!&quot; in Kerpen.\"><img loading=\"lazy\" decoding=\"async\" width=\"200\" height=\"200\" src=\"https:\/\/www.musical-ensemble-erft.de\/wordpress\/wp-content\/uploads\/2011\/01\/ttb.jpg\" alt=\"tick, tick...BOOM! in Kerpen; Foto: Bernd Woidtke\" class=\"wp-image-27\" srcset=\"https:\/\/www.musical-ensemble-erft.de\/wordpress\/wp-content\/uploads\/2011\/01\/ttb.jpg 200w, https:\/\/www.musical-ensemble-erft.de\/wordpress\/wp-content\/uploads\/2011\/01\/ttb-150x150.jpg 150w\" sizes=\"auto, (max-width: 200px) 100vw, 200px\" \/><\/a><figcaption class=\"wp-element-caption\">Die Deutschlandpremiere von &#8222;tick, tick&#8230;BOOM!&#8220; in Kerpen.<\/figcaption><\/figure>\n<\/div>\n\n\n<p>Als sich nach zehn Jahren und sieben Produktionen die Musical-AG des Kerpener Gymnasiums 2007 aufl\u00f6ste, beschlossen einige langj\u00e4hrig dort Aktive, in Kerpen ein<strong> freies Musical-Ensemble<\/strong> auf die Beine zu stellen. In den folgenden zwei Jahren realisierten engagierte Ehemalige dieser Gruppe gemeinsam mit weiteren Schauspiel- und Musikinteressierten aus der Region zun\u00e4chst kleinere Shows und Konzerte.<\/p>\n\n\n\n<p>Als erste Gro\u00dfproduktion des Musical Ensemble Erft pr\u00e4sentierten wir dann im M\u00e4rz 2010 die <strong>Deutschland-Premiere des Kammermusicals <a href=\"https:\/\/www.musical-ensemble-erft.de\/wordpress\/projekte\/tick-tick-boom\/\">tick, tick&#8230;BOOM!<\/a>&nbsp;<\/strong>von Jonathan Larson (das mittlerweile durch eine Oscar-nominierte Verfilmung einem breiteren Publikum bekannt wurde). Das Fachmagazin Blickpunkt: Musical lobte: &#8222;Aufw\u00fchlend &#8211; herzlichen Gl\u00fcckwunsch dem Musical Ensemble Erft.&#8220;<\/p>\n\n\n\n<h2 class=\"wp-block-heading\">Gro\u00dfer Erfolg mit &#8218;RENT&#8216;<\/h2>\n\n\n\n<p>Seit 2011 ist das Musical Ensemble Erft offiziell als <strong>eingetragener, gemeinn\u00fctziger Verein<\/strong> registriert. Als zweite gro\u00dfe Musical-Produktion spielten wir 2012 Jonathan Larsons zweites Musical, den Welterfolg <a href=\"https:\/\/www.musical-ensemble-erft.de\/wordpress\/projekte\/rent\/\"><strong>RENT<\/strong><\/a>. Hervorragende Kritiken und ein begeistertes Publikum waren der Lohn f\u00fcr die Arbeit des 15-k\u00f6pfigen Ensembles, das erneut durch eine professionelle Band unterst\u00fctzt wurde.<\/p>\n\n\n\n<blockquote class=\"wp-block-quote is-layout-flow wp-block-quote-is-layout-flow\">\n<p class=\"has-small-font-size\">Selten habe ich eine so professionelle Laien-Musical-Gruppe gesehen wie das Musical Ensemble Erft.<\/p>\n<cite>Musical Kompass zu &#8222;RENT&#8220;<\/cite><\/blockquote>\n\n\n\n<p>Das Jahr 2013 stand im Zeichen zweier Konzertprojekte: Im Fr\u00fchjahr brachten wir unser Programm <strong>Musical meets Movies<\/strong> mit 16 Solisten und nahezu 30 Songs aus Filmmusik und -musicals auf die B\u00fchne, Ende des Jahres die besinnlichen Weihnachtskonzerte <strong>Sternstunden<\/strong>.<\/p>\n\n\n\n<blockquote class=\"wp-block-quote is-layout-flow wp-block-quote-is-layout-flow\">\n<p class=\"has-small-font-size\">Stimmvolumen, Ausdruck und gesangliche Qualit\u00e4t s\u00e4mtlicher Hobbys\u00e4nger war ausnahmslos hervorragend und h\u00e4tte dem Vergleich mit einem professionellen Musicalensemble allemal standgehalten. <\/p>\n<cite>K\u00f6lner Stadt-Anzeiger zu &#8218;Musical meets Movies&#8216;<\/cite><\/blockquote>\n\n\n<div class=\"wp-block-image\">\n<figure class=\"alignright\"><a href=\"https:\/\/www.musical-ensemble-erft.de\/wordpress\/wp-content\/uploads\/2014\/10\/IMG_6293_bearb_kleiner.jpg\" rel=\"attachment wp-att-2652\" data-rel=\"lightbox-image-1\" data-rl_title=\"Unsere K\u00fcnstler beim Projekt &quot;From the Soul - Musical Unplugged&quot;\" data-rl_caption=\"\" title=\"Unsere K\u00fcnstler beim Projekt &quot;From the Soul - Musical Unplugged&quot;\"><img loading=\"lazy\" decoding=\"async\" width=\"300\" height=\"146\" src=\"https:\/\/www.musical-ensemble-erft.de\/wordpress\/wp-content\/uploads\/2014\/10\/IMG_6293_bearb_kleiner-300x146.jpg\" alt=\"Unsere K\u00fcnstler beim Projekt &quot;From the Soul - Musical Unplugged&quot;\" class=\"wp-image-2652\" srcset=\"https:\/\/www.musical-ensemble-erft.de\/wordpress\/wp-content\/uploads\/2014\/10\/IMG_6293_bearb_kleiner-300x146.jpg 300w, https:\/\/www.musical-ensemble-erft.de\/wordpress\/wp-content\/uploads\/2014\/10\/IMG_6293_bearb_kleiner-900x440.jpg 900w, https:\/\/www.musical-ensemble-erft.de\/wordpress\/wp-content\/uploads\/2014\/10\/IMG_6293_bearb_kleiner.jpg 1000w\" sizes=\"auto, (max-width: 300px) 100vw, 300px\" \/><\/a><figcaption class=\"wp-element-caption\">Unsere K\u00fcnstler beim Projekt &#8222;From the Soul &#8211; Musical Unplugged&#8220;<\/figcaption><\/figure>\n<\/div>\n\n\n<p>Die Show <a title=\"From the Soul\" href=\"https:\/\/www.musical-ensemble-erft.de\/wordpress\/projekte\/from-the-soul\/\"><strong>FROM THE SOUL &#8211; Musical Unplugged<\/strong>&nbsp;<\/a>war unser gro\u00dfes Projekt 2014. F\u00fcr die Gala in der Aula des Gymnasiums hatten wir gro\u00dfe Musical-Klassiker f\u00fcr eine Akustik-Bandbesetzung neu arrangiert.<\/p>\n\n\n\n<blockquote class=\"wp-block-quote is-layout-flow wp-block-quote-is-layout-flow\">\n<p class=\"has-small-font-size\">Professionell und mit beeindruckender Stimmgewalt [\u2026]. Ein fast zweist\u00fcndiges Programm der Superlative.&#8220;<\/p>\n<cite>Rhein-Erft Rundschau zu &#8222;FROM THE SOUL &#8211; Musical Unplugged&#8220;<\/cite><\/blockquote>\n\n\n\n<h2 class=\"wp-block-heading has-large-font-size\">Mit den Profis auf der B\u00fchne<\/h2>\n\n\n\n<div class=\"wp-block-columns is-layout-flex wp-container-core-columns-is-layout-9d6595d7 wp-block-columns-is-layout-flex\">\n<div class=\"wp-block-column is-layout-flow wp-block-column-is-layout-flow\" style=\"flex-basis:100%\">\n<div class=\"wp-block-group is-vertical is-layout-flex wp-container-core-group-is-layout-8cf370e7 wp-block-group-is-layout-flex\">\n<p><span class=\"text_exposed_show\">2015 startete f\u00fcr uns mit Auftritten bei der Nacht der Bibliotheken in Bergheim und dem Kerpener Stadtfest. Der Herbst <\/span>2015 brachte f\u00fcr unseren Verein<span class=\"text_exposed_show\">zwei spannende Ausfl\u00fcge ins Profi-Lager: Im September stellten wir das Chor-Ensemble f\u00fcr das Musical<strong><a href=\"https:\/\/www.musical-ensemble-erft.de\/wordpress\/projekte\/kolpings-traum\/\">\u00a0KOLPINGS TRAUM\u00a0<\/a>in der K\u00f6lner LANXESS Arena<\/strong>, im Oktober standen wir <span class=\"text_exposed_show\">im Rahmen einer Benefiz-Show <\/span> gemeinsam mit dem Ensemble von <strong><a href=\"https:\/\/www.musical-ensemble-erft.de\/wordpress\/projekte\/starlight-express\/\">STARLIGHT EXPRESS<\/a>\u00a0auf der B\u00fchne in Bochum<\/strong>. 2016 begann mit einem Engagement f\u00fcr das <strong>Neujahrskonzert der Gemeinde J\u00fcchen<\/strong> und stand neben Auftritten auf dem Kerpener Stadtfest, bei der Kreissparkasse K\u00f6ln und dem Kolpingtag Kerpen fortan ganz im Zeichen der n\u00e4chsten Gro\u00dfproduktion: Im Oktober 2016 pr\u00e4sentierten wir als eines der ersten deutschen Ensembles sechsmal den Broadway-Hit <strong><a href=\"https:\/\/www.musical-ensemble-erft.de\/wordpress\/projekte\/the-addams-family\/\">THE ADDAMS FAMILY<\/a> in Kerpen &#8211; der bis dato gr\u00f6\u00dfte Erfolg unseres Ensembles<\/strong>. <\/span><\/p>\n\n\n\n<figure class=\"wp-block-image size-full is-resized\"><img loading=\"lazy\" decoding=\"async\" width=\"1000\" height=\"667\" src=\"https:\/\/www.musical-ensemble-erft.de\/wordpress\/wp-content\/uploads\/2016\/06\/Gruppenbild-Addams-Family_Musical-Ensemble-Erft_c-Dominik-Huse_bb_sm.jpg\" alt=\"Cast 'The Addams Family' - Musical Ensemble Erft - (c) Dominik Huse Fotografie\" class=\"wp-image-3982\" style=\"aspect-ratio:1.4992503748125936;width:335px;height:auto\" srcset=\"https:\/\/www.musical-ensemble-erft.de\/wordpress\/wp-content\/uploads\/2016\/06\/Gruppenbild-Addams-Family_Musical-Ensemble-Erft_c-Dominik-Huse_bb_sm.jpg 1000w, https:\/\/www.musical-ensemble-erft.de\/wordpress\/wp-content\/uploads\/2016\/06\/Gruppenbild-Addams-Family_Musical-Ensemble-Erft_c-Dominik-Huse_bb_sm-300x200.jpg 300w, https:\/\/www.musical-ensemble-erft.de\/wordpress\/wp-content\/uploads\/2016\/06\/Gruppenbild-Addams-Family_Musical-Ensemble-Erft_c-Dominik-Huse_bb_sm-768x512.jpg 768w\" sizes=\"auto, (max-width: 1000px) 100vw, 1000px\" \/><figcaption class=\"wp-element-caption\">Cast &#8218;The Addams Family&#8216; &#8211; Musical Ensemble Erft &#8211; (c) Dominik Huse Fotografie<\/figcaption><\/figure>\n<\/div>\n<\/div>\n<\/div>\n\n\n\n<p class=\"has-large-font-size\"><strong>Ein Jubil\u00e4umsjahr voll Musik<\/strong><\/p>\n\n\n\n<p>Das 20-J\u00e4hrige Bestehen (1997 war die erste Produktion der Musical-AG Kerpen) feierte unser Verein 2017 mit gleich zwei Projekten. Im <span class=\"text_exposed_show\"><strong>Gala-Programm <a href=\"https:\/\/www.musical-ensemble-erft.de\/wordpress\/projekte\/magic-to-do\/\">Magic To Do<\/a><\/strong> lie\u00dfen wir H\u00f6hepunkte der Vereinsgeschichte noch einmal Revue passieren. Viele ehemalige Mitglieder des Ensembles schl\u00fcpften hierf\u00fcr noch einmal in ihre alten Rollen &#8211; auch solche, die mittlerweile als Profi erfolgreich sind. Im November 2017 zeigten wir dann &#8211; erneut als eines der ersten Amateur-Ensembles in Deutschland &#8211; den anspruchsvollen <strong>Musical-Meilenstein <a href=\"https:\/\/www.musical-ensemble-erft.de\/wordpress\/projekte\/next-to-normal\/\">Next To Normal<\/a>&nbsp;<\/strong>in einer Inszenierung, die Zuschauer und Kritiker gleicherma\u00dfen fesselte.<\/span><\/p>\n\n\n\n<blockquote class=\"wp-block-quote is-layout-flow wp-block-quote-is-layout-flow\">\n<p class=\"has-small-font-size\">Dem Musical Ensemble Erft ist es gegl\u00fcckt, einen Abend voller Emotionen, Tr\u00e4nen und G\u00e4nsehaut pur zu schaffen und dem Publikum ein Tabu &#8211; Thema der Gesellschaft herzergreifend zu vermitteln. Es ist unglaublich, mit welch einer Kraft das Musical sein Publikum mitrei\u00dft und dieses zum Denken und Mitf\u00fchlen animiert.<\/p>\n<cite>Musicalmuffin &#8211; Ein Musicalblog zu &#8218;NEXT TO NORMAL&#8216;<\/cite><\/blockquote>\n\n\n\n<p><span class=\"text_exposed_show\">Im Jahr 2018 spielten wir in Leverkusen das <strong>Stage Connection-<\/strong>Konzert mit drei befreundeten Musicalvereinen, standen Open Air beim K\u00f6lner Sommerkino auf der B\u00fchne und wurden schlie\u00dflich vom <strong>Radiosender 1LIVE<\/strong> f\u00fcr die Produktion von <strong><a href=\"https:\/\/www.musical-ensemble-erft.de\/wordpress\/2018\/09\/1live-das-musical-gesungen-von-uns\/\">1LIVE-das Musical<\/a><\/strong>\u00a0engagiert &#8211; unsere n\u00e4chste erfolgreiche Zusammenarbeit mit professionellen K\u00fcnstlern. 2019 feierten wir die gro\u00dfe <strong>Gala <a href=\"https:\/\/www.musical-ensemble-erft.de\/wordpress\/seasons-of-musical\/\">SEASONS OF MUSICAL<\/a> in Duisburg<\/strong> und spielten im Mai und Juni 2019 sechsmal den <strong>Broadway-Hit <a href=\"https:\/\/www.musical-ensemble-erft.de\/wordpress\/projekte\/first-date\/\">FIRST DATE<\/a><\/strong> im Kerpen &#8211; eine rasante Comedy, die die Lachmuskeln des Publikums strapazierte. <\/span><\/p>\n\n\n\n<blockquote class=\"wp-block-quote is-layout-flow wp-block-quote-is-layout-flow\">\n<p class=\"has-small-font-size\">Dem Musical Ensemble Erft gelingt eine spritzige, humorvolle und federleichte Umsetzung einer ziemlich realen und immer wieder neu vorkommenden Situation<\/p>\n<cite>Amonea MusicalWorld zu &#8218;FIRST DATE&#8216;<\/cite><\/blockquote>\n\n\n\n<p class=\"has-large-font-size\"><strong>Comeback mit regionalem Bezug<\/strong><\/p>\n\n\n\n<p>Corona war f\u00fcr unseren Verein sehr schwierig &#8211; Abstandsregeln auf der B\u00fchne, vor allem aber auch finanzielle Unw\u00e4gbarkeiten in der Planung gr\u00f6\u00dferer Produktionen machen die Arbeit mehrere Jahre nahezu unm\u00f6glich. Nach langer Pause ging es f\u00fcr das Musical Ensemble Erft aber 2024 endlich wieder auf die B\u00fchne &#8211; mit dem Musical<strong> <a href=\"https:\/\/www.musical-ensemble-erft.de\/wordpress\/projekte\/kolpings-traum-2\/\" data-type=\"page\" data-id=\"5567\">KOLPINGS TRAUM<\/a><\/strong>, das die Lebensgeschichte des gro\u00dfen Kerpener &#8222;Gesellenvaters&#8220; Adolph Kolping erz\u00e4hlt. 21 Darsteller und ein 14-k\u00f6pfiges Orchester erweckten Kolpings Werdegang zu neuem Leben &#8211; vier ausverkaufte Vorstellungen und ein zu Tr\u00e4nen ger\u00fchrtes Publikum waren der Lohn f\u00fcr viele Monate harter Arbeit. Aus ganz NRW reisten Kolpingsfamilien an, um das St\u00fcck zu sehen, auch der Generalpr\u00e4ses des internationalen Kolpingverbandes war zu Gast. Im Anschluss an die Auff\u00fchrungen lud uns der Verband ein, Ausschnitte aus dem Musical bei der <strong>Er\u00f6ffnung des gro\u00dfen Fests zum 175-j\u00e4hrigen Jubil\u00e4um am K\u00f6lner Tanzbrunnen<\/strong> zu zeigen &#8211; der Auftritt vor 5.000 tief bewegten Zuschauern im Mai 2025 war f\u00fcr uns eine echte Ehre und G\u00e4nsehaut pur. <br><\/p>\n\n\n\n<p>2026 steht die n\u00e4chste gro\u00dfe Musicalproduktion an, <a href=\"https:\/\/www.musical-ensemble-erft.de\/wordpress\/projekte\/wie-im-himmel\/\" data-type=\"page\" data-id=\"5774\"><strong>WIE IM HIMMEL<\/strong><\/a> nach dem erfolgreichen schwedischen Kinofilm. Erneut erwartet das Publikum eine tief ber\u00fchrende Geschichte, ein gro\u00dfes Ensemble und ein Live-Orchester. Zuvor durften wir Ende 2025 noch das Weihnachtskonzert<strong> A LITTLE MUSICAL CHRISTMAS<\/strong> in Horrem gestalten.<\/p>\n\n\n\n<blockquote class=\"wp-block-quote is-layout-flow wp-block-quote-is-layout-flow\">\n<p class=\"has-small-font-size\">Ein Abend voller Emotionen und musikalischer H\u00f6hepunkte. Die S\u00e4nger:innen des Ensembles begeistern mit ihrer Spielfreude und ihren eindrucksvollen Stimmen. Ganz klare Empfehlung&#8220;<\/p>\n<cite>TIME4ThEATRE \u00fcber KOLPINGS TRAUM<\/cite><\/blockquote>\n\n\n\n<h2 class=\"wp-block-heading\">Vom Talent zum Profi<\/h2>\n\n\n\n<p>Mehrere ehemalige Mitglieder des Ensembles haben nach oder w\u00e4hrend ihres Engagements im Verein eine <strong>professionelle Ausbildung<\/strong> im Bereich Musical oder Schauspiel absolviert, etwa. <strong>Dominik Hees<\/strong> (&#8218;Der Gl\u00f6ckner von Notre Dame&#8216;, &#8218;Das Wunder von Bern&#8216;, &#8218;CATS&#8216;) der mittlerweile  zu Europas gefragtesten Musicaldarstellern geh\u00f6rt, oder <strong>Oliver Morschel, Preistr\u00e4ger des Bundeswettbewerb Gesang<\/strong> und Absolvent der Folkwang Hochschule, der bereits in &#8218;Shrek&#8216;, &#8218;Harry Potter&#8216;, &#8218;Rocky&#8216; oder bei den Bad Hersfelder Festspielen zu erleben war. Andere ehemalige Mitglieder studierten Schauspiel oder Operngesang. <span class=\"st\"><br><\/span><\/p>\n\n\n\n<h2 class=\"wp-block-heading\">Eine Musicalgruppe mit gro\u00dfem Engagement<\/h2>\n\n\n<div class=\"wp-block-image\">\n<figure class=\"alignleft\"><a href=\"https:\/\/www.musical-ensemble-erft.de\/wordpress\/wp-content\/uploads\/2016\/01\/IMG_6977_sm.jpg\" rel=\"attachment wp-att-3673\" data-rel=\"lightbox-image-2\" data-rl_title=\"Unser Ensemble beim Neujahrskonzert 2016 in J\u00fcchen.\" data-rl_caption=\"\" title=\"Unser Ensemble beim Neujahrskonzert 2016 in J\u00fcchen.\"><img loading=\"lazy\" decoding=\"async\" width=\"300\" height=\"200\" src=\"https:\/\/www.musical-ensemble-erft.de\/wordpress\/wp-content\/uploads\/2016\/01\/IMG_6977_sm-300x200.jpg\" alt=\"Die Musicalgruppe beim Neujahrskonzert 2016 in J\u00fcchen.\" class=\"wp-image-3673\" srcset=\"https:\/\/www.musical-ensemble-erft.de\/wordpress\/wp-content\/uploads\/2016\/01\/IMG_6977_sm-300x200.jpg 300w, https:\/\/www.musical-ensemble-erft.de\/wordpress\/wp-content\/uploads\/2016\/01\/IMG_6977_sm-768x512.jpg 768w, https:\/\/www.musical-ensemble-erft.de\/wordpress\/wp-content\/uploads\/2016\/01\/IMG_6977_sm.jpg 800w\" sizes=\"auto, (max-width: 300px) 100vw, 300px\" \/><\/a><figcaption class=\"wp-element-caption\">Unser Ensemble beim Neujahrskonzert 2016 in J\u00fcchen.<\/figcaption><\/figure>\n<\/div>\n\n\n<p>Doch auch, wer keine professionelle Karriere im B\u00fchnenbereich anstrebt, ist bei uns genau richtig. Wir verstehen uns als Plattform f\u00fcr <strong>ambitionierte, engagierte Amateure und Semiprofis<\/strong>, die vor allem eines gemeinsam haben: <strong>Wir alle m\u00f6chten mit unserer Leidenschaft f\u00fcr Schauspiel, Gesang und Tanz das Publikum f\u00fcr das Genre Musical in allen Facetten begeistern und das kulturelle Leben in Kerpen bereichern.  <\/strong>Unsere aktuell knapp 25 aktiven Mitglieder zwischen Ende 20 und Mitte 40 stehen dabei allesamt ehrenamtlich auf der B\u00fchne &#8211; und sind zum Teil schon seit der allerersten Produktion der Musical-AG de Kerpener Gymnasiums 1997 Teil unserer Gruppe.<\/p>\n\n\n\n<p>Eine Herzensangelegenheit ist es auch, <strong>mit unserer kulturellen Arbeit soziales Engagement vor Ort zu unterst\u00fctzen.<\/strong> Bei unseren gro\u00dfen Musicalauff\u00fchrungen sammeln wir regelm\u00e4\u00dfig Spenden f\u00fcr Initiativen, die sich direkt hier in der Region f\u00fcr Menschen einsetzen und das jeweils in einem Bereich, der inhaltlich einen Bezug zur Geschichte des Musicals hat. In den vergangenen Jahren haben wir so etwa die Teestube Lichtblick, die Arbeitsgemeinschaft f\u00fcr psychisch Kranke im Rhein-Erft-Kreis oder die Tafel Kerpen unterst\u00fctzen k\u00f6nnen.<\/p>\n\n\n\n<p>Das gro\u00dfe Engagement und die k\u00fcnstlerischen Leistungen unserer Musicalgruppe haben  auch die Jury des Kulturpreis des Rhein-Erft-Kreises \u00fcberzeugt: 2016 wurden wir als Preistr\u00e4ger ausgezeichnet. Ob in Kerpen, dem Rhein-Erft-Kreis, in Leverkusen, K\u00f6ln oder Bochum: Weit \u00fcber 50.000 Zuschauer haben in den vergangenen 25 Jahren schon unsere vielen Produktionen und Auftritte gesehen<strong> &#8211;&nbsp;<\/strong> und wir freuen uns auf viele weitere spannende Projekte! <strong><br><\/strong><\/p>\n","protected":false},"excerpt":{"rendered":"<p>Das Musical Ensemble Erft &#8211; viele Gesichter, eine Leidenschaft: Seit \u00fcber 25 Jahren stehen wir mit Konzerten, Shows und gro\u00dfen Musical-Produktionen f\u00fcr vielseitige Musiktheaterkultur in Kerpen.&nbsp;2016 wurde unsere Musicalgruppe mit dem Kulturpreis des Rhein-Erft-Kreises ausgezeichnet. Als sich nach zehn Jahren und sieben Produktionen die Musical-AG des Kerpener Gymnasiums 2007 aufl\u00f6ste, beschlossen einige langj\u00e4hrig dort Aktive, [&hellip;]<\/p>\n","protected":false},"author":1,"featured_media":0,"parent":0,"menu_order":3,"comment_status":"closed","ping_status":"closed","template":"","meta":{"footnotes":""},"class_list":["post-6","page","type-page","status-publish","hentry","post-preview"],"_links":{"self":[{"href":"https:\/\/www.musical-ensemble-erft.de\/wordpress\/wp-json\/wp\/v2\/pages\/6","targetHints":{"allow":["GET"]}}],"collection":[{"href":"https:\/\/www.musical-ensemble-erft.de\/wordpress\/wp-json\/wp\/v2\/pages"}],"about":[{"href":"https:\/\/www.musical-ensemble-erft.de\/wordpress\/wp-json\/wp\/v2\/types\/page"}],"author":[{"embeddable":true,"href":"https:\/\/www.musical-ensemble-erft.de\/wordpress\/wp-json\/wp\/v2\/users\/1"}],"replies":[{"embeddable":true,"href":"https:\/\/www.musical-ensemble-erft.de\/wordpress\/wp-json\/wp\/v2\/comments?post=6"}],"version-history":[{"count":50,"href":"https:\/\/www.musical-ensemble-erft.de\/wordpress\/wp-json\/wp\/v2\/pages\/6\/revisions"}],"predecessor-version":[{"id":5933,"href":"https:\/\/www.musical-ensemble-erft.de\/wordpress\/wp-json\/wp\/v2\/pages\/6\/revisions\/5933"}],"wp:attachment":[{"href":"https:\/\/www.musical-ensemble-erft.de\/wordpress\/wp-json\/wp\/v2\/media?parent=6"}],"curies":[{"name":"wp","href":"https:\/\/api.w.org\/{rel}","templated":true}]}}