{"id":783,"date":"2012-02-20T23:21:16","date_gmt":"2012-02-20T23:21:16","guid":{"rendered":"http:\/\/www.musical-ensemble-erft.de\/wordpress\/?page_id=783"},"modified":"2017-04-04T09:50:20","modified_gmt":"2017-04-04T09:50:20","slug":"verein","status":"publish","type":"page","link":"https:\/\/www.musical-ensemble-erft.de\/wordpress\/verein\/","title":{"rendered":"Verein"},"content":{"rendered":"<p>Seit Dezember 2011 ist das Musical Ensemble Erft offiziell als <strong>eingetragener, gemeinn\u00fctziger Verein<\/strong> registriert. Mit unserer Arbeit und unseren B\u00fchnenprojekten m\u00f6chten wir zwei Dinge erreichen:<\/p>\n<ul>\n<li>Menschen mit einer Leidenschaft f\u00fcr Schauspiel, Musik und Tanz zusammenf\u00fchren<\/li>\n<li>das kulturelle Leben in Kerpen und dem Rhein-Erft-Kreis nachhaltig bereichern.<\/li>\n<\/ul>\n<p>Diese Ziele unseres Vereins haben wir in unserer <span style=\"text-decoration: underline;\"><a href=\"https:\/\/www.musical-ensemble-erft.de\/wordpress\/wp-content\/uploads\/2016\/01\/Satzung_Musical_Ensemble_Erft_2014.pdf\" target=\"_blank\">Satzung<\/a><\/span> festgehalten, die auch die Organisation des Vereins regelt.<\/p>\n<p>&nbsp;<\/p>\n<div id=\"attachment_1217\" style=\"width: 310px\" class=\"wp-caption alignleft\"><a href=\"https:\/\/www.musical-ensemble-erft.de\/wordpress\/wp-content\/uploads\/2012\/09\/DSC07902.jpg\" data-rel=\"lightbox-image-0\" data-rl_title=\"&quot;Finale&quot; - Das Musical Ensemble Erft zeigt &quot;RENT&quot;. Foto: Bernd Woidtke\" data-rl_caption=\"\" title=\"&quot;Finale&quot; - Das Musical Ensemble Erft zeigt &quot;RENT&quot;. Foto: Bernd Woidtke\"><img loading=\"lazy\" decoding=\"async\" aria-describedby=\"caption-attachment-1217\" class=\"size-medium wp-image-1217\" src=\"https:\/\/www.musical-ensemble-erft.de\/wordpress\/wp-content\/uploads\/2012\/09\/DSC07902-300x200.jpg\" alt=\"&quot;Finale&quot; - Das Musical Ensemble Erft zeigt &quot;RENT&quot;. Foto: Bernd Woidtke\" width=\"300\" height=\"200\" srcset=\"https:\/\/www.musical-ensemble-erft.de\/wordpress\/wp-content\/uploads\/2012\/09\/DSC07902-300x200.jpg 300w, https:\/\/www.musical-ensemble-erft.de\/wordpress\/wp-content\/uploads\/2012\/09\/DSC07902.jpg 800w\" sizes=\"auto, (max-width: 300px) 100vw, 300px\" \/><\/a><p id=\"caption-attachment-1217\" class=\"wp-caption-text\">&#8222;Finale&#8220; &#8211; Das Musical Ensemble Erft zeigt &#8222;RENT&#8220;. Foto: Bernd Woidtke<\/p><\/div>\n<p>Dabei stehen wir jedoch vor einer gro\u00dfen Herausforderung: Unser Musicalverein hat einen k\u00fcnstlerischen Anspruch, der nur mit einem gewissen Ma\u00df an finanziellem Aufwand zu erf\u00fcllen ist. Auff\u00fchrungsr\u00e4umlichkeiten, Requisiten, Kost\u00fcme, Tontechnik, die Lizenzgeb\u00fchren f\u00fcr die St\u00fccke, die wir auf die B\u00fchne bringen &#8211; all das sind hohe Kostenfaktoren, die dazu f\u00fchren, dass wir auch auf die Unterst\u00fctzung externer Partner, F\u00f6rderer und Sponsoren angewiesen sind, um die Eintrittspreise f\u00fcr unsere Produktionen m\u00f6glichst niedrig zu halten und einem gro\u00dfen Publikum modernes Musiktheater n\u00e4her zu bringen.<\/p>\n<p>&nbsp;<\/p>\n<p><span style=\"text-decoration: underline;\"><strong>Sie haben Interesse, unsere Arbeit zu unterst\u00fctzen?<\/strong><\/span><\/p>\n<p>Das w\u00fcrde uns sehr freuen! Und es gibt gleich mehrere M\u00f6glichkeiten, wie Sie unserem Musicalverein helfen k\u00f6nnen: durch <span style=\"text-decoration: underline;\">Mitgliedsbeitr\u00e4ge oder Spenden<\/span>.<\/p>\n<p>Sie m\u00f6chten uns dauerhaft unterst\u00fctzen, vielleicht sogar aktiv auf oder hinter der B\u00fchne mitwirken? Dann <span style=\"text-decoration: underline;\"><a href=\"https:\/\/www.musical-ensemble-erft.de\/wordpress\/verein\/mitglied-werden\/\">werden Sie Mitglied<\/a><\/span> im Musical Ensemble Erft e.V.! Die Mitgliedsbeitr\u00e4ge helfen uns, unsere Produktionskosten zu decken und garantieren einen reibungslosen Probenbetrieb.<\/p>\n<p>Gerne k\u00f6nnen Sie als Privatperson oder als Firma unsere Arbeit aber auch mit einer <span style=\"text-decoration: underline;\"><a href=\"https:\/\/www.musical-ensemble-erft.de\/wordpress\/verein\/spenden\/\">einmaligen Spende<\/a><\/span> unterst\u00fctzen. Entsprechende Spenden an das Musical Ensemble Erft e.V. sind steuerlich abzugsf\u00e4hig; bei Interesse stellen wir Ihnen gerne eine entsprechende Spendenquittung aus. Als Spender bekommen Sie die M\u00f6glichkeit der exklusiven Platzreservierung bei unseren Auff\u00fchrungen und k\u00f6nnen Ihre Tickets noch vor dem offiziellen Vorverkaufsstart erwerben!<\/p>\n<p>Sie sind als Firma an einem <span style=\"text-decoration: underline;\">Projektsponsoring<\/span> f\u00fcr unsere Produktion interessiert? Sie m\u00f6chten als F\u00f6rderer im Programmheft gennannt werden und Ihre Werbung dort und auf unseren Online-Angeboten platzieren? <a href=\"mailto:kontakt@musical-ensemble-erft.de\">Melden Sie sich bei uns<\/a> f\u00fcr ein individuelles Angebot!<\/p>\n","protected":false},"excerpt":{"rendered":"<p>Seit Dezember 2011 ist das Musical Ensemble Erft offiziell als eingetragener, gemeinn\u00fctziger Verein registriert. Mit unserer Arbeit und unseren B\u00fchnenprojekten m\u00f6chten wir zwei Dinge erreichen: Menschen mit einer Leidenschaft f\u00fcr Schauspiel, Musik und Tanz zusammenf\u00fchren das kulturelle Leben in Kerpen und dem Rhein-Erft-Kreis nachhaltig bereichern. Diese Ziele unseres Vereins haben wir in unserer Satzung festgehalten, [&hellip;]<\/p>\n","protected":false},"author":1,"featured_media":3673,"parent":0,"menu_order":7,"comment_status":"closed","ping_status":"closed","template":"","meta":{"footnotes":""},"class_list":["post-783","page","type-page","status-publish","has-post-thumbnail","hentry","post-preview"],"_links":{"self":[{"href":"https:\/\/www.musical-ensemble-erft.de\/wordpress\/wp-json\/wp\/v2\/pages\/783","targetHints":{"allow":["GET"]}}],"collection":[{"href":"https:\/\/www.musical-ensemble-erft.de\/wordpress\/wp-json\/wp\/v2\/pages"}],"about":[{"href":"https:\/\/www.musical-ensemble-erft.de\/wordpress\/wp-json\/wp\/v2\/types\/page"}],"author":[{"embeddable":true,"href":"https:\/\/www.musical-ensemble-erft.de\/wordpress\/wp-json\/wp\/v2\/users\/1"}],"replies":[{"embeddable":true,"href":"https:\/\/www.musical-ensemble-erft.de\/wordpress\/wp-json\/wp\/v2\/comments?post=783"}],"version-history":[{"count":7,"href":"https:\/\/www.musical-ensemble-erft.de\/wordpress\/wp-json\/wp\/v2\/pages\/783\/revisions"}],"predecessor-version":[{"id":3616,"href":"https:\/\/www.musical-ensemble-erft.de\/wordpress\/wp-json\/wp\/v2\/pages\/783\/revisions\/3616"}],"wp:featuredmedia":[{"embeddable":true,"href":"https:\/\/www.musical-ensemble-erft.de\/wordpress\/wp-json\/wp\/v2\/media\/3673"}],"wp:attachment":[{"href":"https:\/\/www.musical-ensemble-erft.de\/wordpress\/wp-json\/wp\/v2\/media?parent=783"}],"curies":[{"name":"wp","href":"https:\/\/api.w.org\/{rel}","templated":true}]}}