{"id":785,"date":"2012-02-24T17:27:00","date_gmt":"2012-02-24T17:27:00","guid":{"rendered":"http:\/\/www.musical-ensemble-erft.de\/wordpress\/?page_id=785"},"modified":"2023-08-16T16:30:56","modified_gmt":"2023-08-16T14:30:56","slug":"mitglied-werden","status":"publish","type":"page","link":"https:\/\/www.musical-ensemble-erft.de\/wordpress\/verein\/mitglied-werden\/","title":{"rendered":"Mitglied werden"},"content":{"rendered":"<p>Du m\u00f6chtest uns dauerhaft unterst\u00fctzen? Vielleicht beim n\u00e4chsten Projekt <strong>selber auf der B\u00fchne stehen und endlich einmal ein Musical spielen?<\/strong> Vielleicht hast du auch Spa\u00df an einer der zahlreichen Aufgaben <strong>hinter der B\u00fchne?<\/strong> Egal ob als Darsteller, im Bereich Kost\u00fcm, Maske, B\u00fchnenbild oder Organisation &#8211; das Musical Ensemble Erft freut sich \u00fcber <strong>neue Mitglieder<\/strong>! Als F\u00f6rdermitglied oder im Team hinter der B\u00fchne ist jede:r herzlich willkommen, eine aktive Teilnahme auf der B\u00fchne ist nach einem erfolgreichen Casting m\u00f6glich.<\/p>\n<p><strong>F\u00f6rdermitglied werden oder im Orga-Team helfen<\/strong><\/p>\n<p>Du m\u00f6chtest uns durch eine F\u00f6rdermitgliedschaft unterst\u00fctzen oder im Hintergrund bei unseren Projekten helfen? Dann melde dich gerne per Mail an kontakt (at) musical-ensemble-erft.de oder per DM bei Insta oder Facebook. Wir beantworten gerne alle Fragen zur\u00a0Mitgliedschaft und den Arbeitsfeldern in unserem Verein.<\/p>\n<p><strong>Selbst auf der B\u00fchne stehen\u00a0<\/strong><\/p>\n<p>Du bist zwischen 18 und Mitte 40 und m\u00f6chtest aktiv auf der B\u00fchne bei unseren Konzerten und Shows mitwirken? Wir freuen uns, wenn du uns in diesem Formular schonmal ein paar Infos schickst &#8211; wir melden uns zeitnah zur\u00fcck! Und nat\u00fcrlich kannst du uns auch hier vorher per Mail oder DM deine Fragen schicken.<\/p>\n\n<div class=\"wpcf7 no-js\" id=\"wpcf7-f3125-o1\" lang=\"de-DE\" dir=\"ltr\" data-wpcf7-id=\"3125\">\n<div class=\"screen-reader-response\"><p role=\"status\" aria-live=\"polite\" aria-atomic=\"true\"><\/p> <ul><\/ul><\/div>\n<form action=\"\/wordpress\/wp-json\/wp\/v2\/pages\/785#wpcf7-f3125-o1\" method=\"post\" class=\"wpcf7-form init\" aria-label=\"Kontaktformular\" enctype=\"multipart\/form-data\" novalidate=\"novalidate\" data-status=\"init\">\n<fieldset class=\"hidden-fields-container\"><input type=\"hidden\" name=\"_wpcf7\" value=\"3125\" \/><input type=\"hidden\" name=\"_wpcf7_version\" value=\"6.1.4\" \/><input type=\"hidden\" name=\"_wpcf7_locale\" value=\"de_DE\" \/><input type=\"hidden\" name=\"_wpcf7_unit_tag\" value=\"wpcf7-f3125-o1\" \/><input type=\"hidden\" name=\"_wpcf7_container_post\" value=\"0\" \/><input type=\"hidden\" name=\"_wpcf7_posted_data_hash\" value=\"\" \/><input type=\"hidden\" name=\"_wpcf7_recaptcha_response\" value=\"\" \/>\n<\/fieldset>\n\n<p><b><\/b>\n<\/p>\n<p>Name (<i>Pflichtfeld<\/i>)\n<\/p>\n<p><span class=\"wpcf7-form-control-wrap\" data-name=\"your-name\"><input size=\"40\" maxlength=\"400\" class=\"wpcf7-form-control wpcf7-text wpcf7-validates-as-required\" aria-required=\"true\" aria-invalid=\"false\" value=\"\" type=\"text\" name=\"your-name\" \/><\/span>\n<\/p>\n<p><b><\/b>\n<\/p>\n<p>Foto (<i>Pflichtfeld<\/i>)\n<\/p>\n<p><span class=\"wpcf7-form-control-wrap\" data-name=\"file-780\"><input size=\"40\" class=\"wpcf7-form-control wpcf7-file wpcf7-validates-as-required\" accept=\".jpg,.jpeg,.png\" aria-required=\"true\" aria-invalid=\"false\" type=\"file\" name=\"file-780\" \/><\/span>\n<\/p>\n<p><b><\/b>\n<\/p>\n<p>E-Mail-Adresse (<i>Pflichtfeld<\/i>)\n<\/p>\n<p><span class=\"wpcf7-form-control-wrap\" data-name=\"your-email\"><input size=\"40\" maxlength=\"400\" class=\"wpcf7-form-control wpcf7-email wpcf7-validates-as-required wpcf7-text wpcf7-validates-as-email\" aria-required=\"true\" aria-invalid=\"false\" value=\"\" type=\"email\" name=\"your-email\" \/><\/span>\n<\/p>\n<p><b><\/b>\n<\/p>\n<p>Alter (<i>Pflichtfeld<\/i>)\n<\/p>\n<p><span class=\"wpcf7-form-control-wrap\" data-name=\"Alter\"><input size=\"40\" maxlength=\"400\" class=\"wpcf7-form-control wpcf7-text wpcf7-validates-as-required\" aria-required=\"true\" aria-invalid=\"false\" value=\"\" type=\"text\" name=\"Alter\" \/><\/span>\n<\/p>\n<p><b><\/b>\n<\/p>\n<p>Wohnort (<i>Pflichtfeld<\/i>)\n<\/p>\n<p><span class=\"wpcf7-form-control-wrap\" data-name=\"Wohnort\"><input size=\"40\" maxlength=\"400\" class=\"wpcf7-form-control wpcf7-text wpcf7-validates-as-required\" aria-required=\"true\" aria-invalid=\"false\" value=\"\" type=\"text\" name=\"Wohnort\" \/><\/span>\n<\/p>\n<p><b><\/b>\n<\/p>\n<p>Beruf (<i>Pflichtfeld<\/i>)\n<\/p>\n<p><span class=\"wpcf7-form-control-wrap\" data-name=\"Beruf\"><input size=\"40\" maxlength=\"400\" class=\"wpcf7-form-control wpcf7-text wpcf7-validates-as-required\" aria-required=\"true\" aria-invalid=\"false\" value=\"\" type=\"text\" name=\"Beruf\" \/><\/span>\n<\/p>\n<p><b><\/b>\n<\/p>\n<p>Stimmlage (<i>Pflichtfeld<\/i>)\n<\/p>\n<p><span class=\"wpcf7-form-control-wrap\" data-name=\"Stimmlage\"><input size=\"40\" maxlength=\"400\" class=\"wpcf7-form-control wpcf7-text wpcf7-validates-as-required\" aria-required=\"true\" aria-invalid=\"false\" value=\"\" type=\"text\" name=\"Stimmlage\" \/><\/span>\n<\/p>\n<p><b><\/b>\n<\/p>\n<p>Wie viel Erfahrung bringst du im Bereich Gesang mit? (1 = keine; 5 = sehr viel) (<i>Pflichtfeld<\/i>)\n<\/p>\n<p><span class=\"wpcf7-form-control-wrap\" data-name=\"ErfahrungimBereichGesang\"><select class=\"wpcf7-form-control wpcf7-select wpcf7-validates-as-required\" aria-required=\"true\" aria-invalid=\"false\" name=\"ErfahrungimBereichGesang\"><option value=\"1\">1<\/option><option value=\"2\">2<\/option><option value=\"3\">3<\/option><option value=\"4\">4<\/option><option value=\"5\">5<\/option><\/select><\/span><br \/>\n<b><\/b>\n<\/p>\n<p>Wo l\u00e4sst du dich gesanglich ausbilden bzw. konntest du Erfahrungen sammeln?\n<\/p>\n<p><span class=\"wpcf7-form-control-wrap\" data-name=\"WennjaWoGesang\"><textarea cols=\"40\" rows=\"10\" maxlength=\"2000\" class=\"wpcf7-form-control wpcf7-textarea\" aria-invalid=\"false\" name=\"WennjaWoGesang\"><\/textarea><\/span>\n<\/p>\n<p><b><\/b>\n<\/p>\n<p>Wie viel Erfahrung bringst du im Bereich Schauspiel mit? (<i>Pflichtfeld<\/i>)\n<\/p>\n<p><span class=\"wpcf7-form-control-wrap\" data-name=\"ErfahrungimBereichSchauspiel\"><select class=\"wpcf7-form-control wpcf7-select wpcf7-validates-as-required\" aria-required=\"true\" aria-invalid=\"false\" name=\"ErfahrungimBereichSchauspiel\"><option value=\"1\">1<\/option><option value=\"2\">2<\/option><option value=\"3\">3<\/option><option value=\"4\">4<\/option><option value=\"5\">5<\/option><\/select><\/span><br \/>\n<b><\/b>\n<\/p>\n<p>Wo l\u00e4sst du dich schauspielerisch ausbilden bzw. konntest du Erfahrungen sammeln?\n<\/p>\n<p><span class=\"wpcf7-form-control-wrap\" data-name=\"WennjaWoSchauspiel\"><textarea cols=\"40\" rows=\"10\" maxlength=\"2000\" class=\"wpcf7-form-control wpcf7-textarea\" aria-invalid=\"false\" name=\"WennjaWoSchauspiel\"><\/textarea><\/span>\n<\/p>\n<p><b><\/b>\n<\/p>\n<p>Wie viel Erfahrung bringst du im Bereich Tanz mit? (<i>Pflichtfeld<\/i>)\n<\/p>\n<p><span class=\"wpcf7-form-control-wrap\" data-name=\"ErfahrungimBereichTanz\"><select class=\"wpcf7-form-control wpcf7-select wpcf7-validates-as-required\" aria-required=\"true\" aria-invalid=\"false\" name=\"ErfahrungimBereichTanz\"><option value=\"1\">1<\/option><option value=\"2\">2<\/option><option value=\"3\">3<\/option><option value=\"4\">4<\/option><option value=\"5\">5<\/option><\/select><\/span><br \/>\n<b><\/b>\n<\/p>\n<p>Wo l\u00e4sst du dich t\u00e4nzerisch ausbilden bzw. konntest du Erfahrungen sammeln?\n<\/p>\n<p><span class=\"wpcf7-form-control-wrap\" data-name=\"WennjaWoTanz\"><textarea cols=\"40\" rows=\"10\" maxlength=\"2000\" class=\"wpcf7-form-control wpcf7-textarea\" aria-invalid=\"false\" name=\"WennjaWoTanz\"><\/textarea><\/span>\n<\/p>\n<p><b><\/b>\n<\/p>\n<p>Konntest du schon konkrete Musical-Erfahrung sammeln? (<i>Pflichtfeld<\/i>)\n<\/p>\n<p><span class=\"wpcf7-form-control-wrap\" data-name=\"KonntestduschonmalkonkreteMusical-Erfahrungsammeln\"><span class=\"wpcf7-form-control wpcf7-checkbox wpcf7-validates-as-required\"><span class=\"wpcf7-list-item first\"><input type=\"checkbox\" name=\"KonntestduschonmalkonkreteMusical-Erfahrungsammeln[]\" value=\"Ja\" \/><span class=\"wpcf7-list-item-label\">Ja<\/span><\/span><span class=\"wpcf7-list-item last\"><input type=\"checkbox\" name=\"KonntestduschonmalkonkreteMusical-Erfahrungsammeln[]\" value=\"Nein\" \/><span class=\"wpcf7-list-item-label\">Nein<\/span><\/span><\/span><\/span><br \/>\n<b><\/b>\n<\/p>\n<p>Wenn ja: Wo, wann und wie lange?\n<\/p>\n<p><span class=\"wpcf7-form-control-wrap\" data-name=\"WennjaWowannundwielangeMusical\"><textarea cols=\"40\" rows=\"10\" maxlength=\"2000\" class=\"wpcf7-form-control wpcf7-textarea\" aria-invalid=\"false\" name=\"WennjaWowannundwielangeMusical\"><\/textarea><\/span>\n<\/p>\n<p><b><\/b>\n<\/p>\n<p>Konntest du schon Projekterfahrung sammeln (\u00fcber mehrere Monate angelegtes, gr\u00f6\u00dferes B\u00fchnenprojekt)? (<i>Pflichtfeld<\/i>)\n<\/p>\n<p><span class=\"wpcf7-form-control-wrap\" data-name=\"KonntestduschonmalProjekterfahrungsammeln\"><span class=\"wpcf7-form-control wpcf7-checkbox wpcf7-validates-as-required\"><span class=\"wpcf7-list-item first\"><input type=\"checkbox\" name=\"KonntestduschonmalProjekterfahrungsammeln[]\" value=\"Ja\" \/><span class=\"wpcf7-list-item-label\">Ja<\/span><\/span><span class=\"wpcf7-list-item last\"><input type=\"checkbox\" name=\"KonntestduschonmalProjekterfahrungsammeln[]\" value=\"Nein\" \/><span class=\"wpcf7-list-item-label\">Nein<\/span><\/span><\/span><\/span><br \/>\n<b><\/b>\n<\/p>\n<p>Wenn ja: Wo, wann, wie lange und wie hast du dich in das Projekt eingebracht?\n<\/p>\n<p><span class=\"wpcf7-form-control-wrap\" data-name=\"WennjaWowannundwielangeProjekte\"><textarea cols=\"40\" rows=\"10\" maxlength=\"2000\" class=\"wpcf7-form-control wpcf7-textarea\" aria-invalid=\"false\" name=\"WennjaWowannundwielangeProjekte\"><\/textarea><\/span>\n<\/p>\n<p><b><\/b>\n<\/p>\n<p>Bist du momentan in einem Chor, einer Tanz- oder Musicalgruppe? (<i>Pflichtfeld<\/i>)\n<\/p>\n<p><span class=\"wpcf7-form-control-wrap\" data-name=\"BistdumomentanineinemChoreinerTanz-oderMusicalgruppe\"><span class=\"wpcf7-form-control wpcf7-checkbox wpcf7-validates-as-required\"><span class=\"wpcf7-list-item first\"><input type=\"checkbox\" name=\"BistdumomentanineinemChoreinerTanz-oderMusicalgruppe[]\" value=\"Ja\" \/><span class=\"wpcf7-list-item-label\">Ja<\/span><\/span><span class=\"wpcf7-list-item last\"><input type=\"checkbox\" name=\"BistdumomentanineinemChoreinerTanz-oderMusicalgruppe[]\" value=\"Nein\" \/><span class=\"wpcf7-list-item-label\">Nein<\/span><\/span><\/span><\/span><br \/>\n<b><\/b>\n<\/p>\n<p>Wenn ja: Wo und wie lange schon?\n<\/p>\n<p><span class=\"wpcf7-form-control-wrap\" data-name=\"WennjaWoundwielangeschonGruppe\"><textarea cols=\"40\" rows=\"10\" maxlength=\"2000\" class=\"wpcf7-form-control wpcf7-textarea\" aria-invalid=\"false\" name=\"WennjaWoundwielangeschonGruppe\"><\/textarea><\/span>\n<\/p>\n<p><b><\/b>\n<\/p>\n<p>K\u00fcnstlerischer Lebenslauf (<i>freiwillig<\/i>)\n<\/p>\n<p><span class=\"wpcf7-form-control-wrap\" data-name=\"Lebenslauf\"><input size=\"40\" class=\"wpcf7-form-control wpcf7-file\" accept=\".pdf,.doc\" aria-invalid=\"false\" type=\"file\" name=\"Lebenslauf\" \/><\/span>\n<\/p>\n<p><span class=\"wpcf7-form-control-wrap\" data-name=\"checkbox-994\"><span class=\"wpcf7-form-control wpcf7-checkbox\"><span class=\"wpcf7-list-item first last\"><label><input type=\"checkbox\" name=\"checkbox-994[]\" value=\"Hiermit stimme ich den Datenschutzbestimmungen und der Verarbeitung meiner Daten im Rahmen der Bearbeitung des Anfrage zu.\" \/><span class=\"wpcf7-list-item-label\">Hiermit stimme ich den Datenschutzbestimmungen und der Verarbeitung meiner Daten im Rahmen der Bearbeitung des Anfrage zu.<\/span><\/label><\/span><\/span><\/span>\n<\/p>\n\n<p><input class=\"wpcf7-form-control wpcf7-submit has-spinner\" type=\"submit\" value=\"Absenden\" \/>\n<\/p><div class=\"wpcf7-response-output\" aria-hidden=\"true\"><\/div>\n<\/form>\n<\/div>\n\n","protected":false},"excerpt":{"rendered":"<p>Du m\u00f6chtest uns dauerhaft unterst\u00fctzen? Vielleicht beim n\u00e4chsten Projekt selber auf der B\u00fchne stehen und endlich einmal ein Musical spielen? Vielleicht hast du auch Spa\u00df an einer der zahlreichen Aufgaben hinter der B\u00fchne? Egal ob als Darsteller, im Bereich Kost\u00fcm, Maske, B\u00fchnenbild oder Organisation &#8211; das Musical Ensemble Erft freut sich \u00fcber neue Mitglieder! Als [&hellip;]<\/p>\n","protected":false},"author":1,"featured_media":0,"parent":783,"menu_order":0,"comment_status":"closed","ping_status":"closed","template":"","meta":{"footnotes":""},"class_list":["post-785","page","type-page","status-publish","hentry","post-preview"],"_links":{"self":[{"href":"https:\/\/www.musical-ensemble-erft.de\/wordpress\/wp-json\/wp\/v2\/pages\/785","targetHints":{"allow":["GET"]}}],"collection":[{"href":"https:\/\/www.musical-ensemble-erft.de\/wordpress\/wp-json\/wp\/v2\/pages"}],"about":[{"href":"https:\/\/www.musical-ensemble-erft.de\/wordpress\/wp-json\/wp\/v2\/types\/page"}],"author":[{"embeddable":true,"href":"https:\/\/www.musical-ensemble-erft.de\/wordpress\/wp-json\/wp\/v2\/users\/1"}],"replies":[{"embeddable":true,"href":"https:\/\/www.musical-ensemble-erft.de\/wordpress\/wp-json\/wp\/v2\/comments?post=785"}],"version-history":[{"count":7,"href":"https:\/\/www.musical-ensemble-erft.de\/wordpress\/wp-json\/wp\/v2\/pages\/785\/revisions"}],"predecessor-version":[{"id":5531,"href":"https:\/\/www.musical-ensemble-erft.de\/wordpress\/wp-json\/wp\/v2\/pages\/785\/revisions\/5531"}],"up":[{"embeddable":true,"href":"https:\/\/www.musical-ensemble-erft.de\/wordpress\/wp-json\/wp\/v2\/pages\/783"}],"wp:attachment":[{"href":"https:\/\/www.musical-ensemble-erft.de\/wordpress\/wp-json\/wp\/v2\/media?parent=785"}],"curies":[{"name":"wp","href":"https:\/\/api.w.org\/{rel}","templated":true}]}}