{"id":787,"date":"2012-02-24T17:41:36","date_gmt":"2012-02-24T17:41:36","guid":{"rendered":"http:\/\/www.musical-ensemble-erft.de\/wordpress\/?page_id=787"},"modified":"2017-04-04T10:11:13","modified_gmt":"2017-04-04T10:11:13","slug":"spenden","status":"publish","type":"page","link":"https:\/\/www.musical-ensemble-erft.de\/wordpress\/verein\/spenden\/","title":{"rendered":"Spenden"},"content":{"rendered":"<p>Sie m\u00f6chten als Privatperson oder als Firma unsere Arbeit unterst\u00fctzen? <strong>Ob 10 oder 100 Euro<\/strong>, wir freuen uns sehr \u00fcber gr\u00f6\u00dfere und kleinere Geldspenden, die wir selbstverst\u00e4ndlich voll in unsere Projektarbeit investieren. Da wir ein anerkannt gemeinn\u00fctziger e.V. sind, sind entsprechende Spenden an das Musical Ensemble Erft \u00fcbrigens voll <strong>steuerlich abzugsf\u00e4hig<\/strong>! F\u00fcr Ihre Spende stellen wir Ihnen daher gerne eine <strong>Zuwendungsbest\u00e4tigung<\/strong> f\u00fcr Ihre Steuererkl\u00e4rung aus. Als Spender bekommen Sie zudem die M\u00f6glichkeit der <strong>exklusiven Platzreservierung<\/strong> bei unseren Auff\u00fchrungen und k\u00f6nnen Ihre Tickets <strong>noch vor dem offiziellen Vorverkaufsstart <\/strong>erwerben!<\/p>\n<p><a href=\"https:\/\/www.musical-ensemble-erft.de\/wordpress\/wp-content\/uploads\/2014\/01\/Spendenerkl\u00e4rung_2014.pdf\" target=\"_blank\">Hier<\/a> finden Sie unsere Vorlage f\u00fcr eine Spendenerkl\u00e4rung, die Sie uns gerne ausgef\u00fcllt per Post oder <a href=\"mailto:kontakt@musical-ensemble-erft.de\">E-Mail<\/a> zukommen lassen k\u00f6nnen. Alternativ besteht nat\u00fcrlich auch die M\u00f6glichkeit einer direkten \u00dcberweisung auf unser Vereinskonto:<\/p>\n<p><strong>Musical Ensemble Erft e.V.<br \/>\nIBAN: DE51370502990149281719<br \/>\nBIC: COKSDE33XXX<br \/>\nKreissparkasse K\u00f6ln<\/strong><\/p>\n<p>Wenn Sie daraufhin eine Spendenquittung zugeschickt bekommen m\u00f6chten, teilen Sie uns doch einfach per E-Mail Ihre Anschrift mit. <\/p>\n<p><strong>Wir freuen uns \u00fcber jeden Unterst\u00fctzer!<\/strong><\/p>\n","protected":false},"excerpt":{"rendered":"<p>Sie m\u00f6chten als Privatperson oder als Firma unsere Arbeit unterst\u00fctzen? Ob 10 oder 100 Euro, wir freuen uns sehr \u00fcber gr\u00f6\u00dfere und kleinere Geldspenden, die wir selbstverst\u00e4ndlich voll in unsere Projektarbeit investieren. Da wir ein anerkannt gemeinn\u00fctziger e.V. sind, sind entsprechende Spenden an das Musical Ensemble Erft \u00fcbrigens voll steuerlich abzugsf\u00e4hig! F\u00fcr Ihre Spende stellen [&hellip;]<\/p>\n","protected":false},"author":1,"featured_media":0,"parent":783,"menu_order":0,"comment_status":"closed","ping_status":"closed","template":"","meta":{"footnotes":""},"class_list":["post-787","page","type-page","status-publish","hentry","post-preview"],"_links":{"self":[{"href":"https:\/\/www.musical-ensemble-erft.de\/wordpress\/wp-json\/wp\/v2\/pages\/787","targetHints":{"allow":["GET"]}}],"collection":[{"href":"https:\/\/www.musical-ensemble-erft.de\/wordpress\/wp-json\/wp\/v2\/pages"}],"about":[{"href":"https:\/\/www.musical-ensemble-erft.de\/wordpress\/wp-json\/wp\/v2\/types\/page"}],"author":[{"embeddable":true,"href":"https:\/\/www.musical-ensemble-erft.de\/wordpress\/wp-json\/wp\/v2\/users\/1"}],"replies":[{"embeddable":true,"href":"https:\/\/www.musical-ensemble-erft.de\/wordpress\/wp-json\/wp\/v2\/comments?post=787"}],"version-history":[{"count":1,"href":"https:\/\/www.musical-ensemble-erft.de\/wordpress\/wp-json\/wp\/v2\/pages\/787\/revisions"}],"predecessor-version":[{"id":2209,"href":"https:\/\/www.musical-ensemble-erft.de\/wordpress\/wp-json\/wp\/v2\/pages\/787\/revisions\/2209"}],"up":[{"embeddable":true,"href":"https:\/\/www.musical-ensemble-erft.de\/wordpress\/wp-json\/wp\/v2\/pages\/783"}],"wp:attachment":[{"href":"https:\/\/www.musical-ensemble-erft.de\/wordpress\/wp-json\/wp\/v2\/media?parent=787"}],"curies":[{"name":"wp","href":"https:\/\/api.w.org\/{rel}","templated":true}]}}