{"id":8,"date":"2011-01-02T21:16:40","date_gmt":"2011-01-02T21:16:40","guid":{"rendered":"http:\/\/www.musical-ensemble-erft.de\/wordpress\/?page_id=8"},"modified":"2017-04-04T10:11:43","modified_gmt":"2017-04-04T10:11:43","slug":"das-stuck","status":"publish","type":"page","link":"https:\/\/www.musical-ensemble-erft.de\/wordpress\/projekte\/rent\/das-stuck\/","title":{"rendered":"Das St\u00fcck"},"content":{"rendered":"<p><strong>Mit &#8222;RENT&#8220; kommt eines der erfolgreichsten Musicals aller Zeiten nach Kerpen. 1996 feierte das St\u00fcck Premiere am Broadway und wurde \u00fcber Nacht zur Sensation. Der renommierte Pulitzer-Preis, die \u00dcbersetzung in 24 Sprachen und Produktionen rund um den Globus folgten. Bis 2008 war &#8222;RENT&#8220; ununterbrochen in New York zu sehen, wurde von Star-Regisseur Chris Columbus verfilmt und ebnete den Weg f\u00fcr die R\u00fcckkehr von Rockmusicals auf die gro\u00dfe B\u00fchne. <\/strong><\/p>\n<p><img loading=\"lazy\" decoding=\"async\" class=\"alignleft size-full wp-image-78\" title=\"Nederlander Theater New York; Foto: Nicolas Emmanuel-Emile\/Flickr CC\" src=\"https:\/\/www.musical-ensemble-erft.de\/wordpress\/wp-content\/uploads\/2011\/03\/renttheater.jpg\" alt=\"Nederlander Theater New York; Foto: Nicolas Emmanuel-Emile\/Flickr CC\" width=\"200\" height=\"200\" \/><br \/>\n&#8222;RENT&#8220; erz\u00e4hlt die Geschichte einer Gruppe junger K\u00fcnstler im New Yorker East Village, die entgegen aller Widerst\u00e4nde f\u00fcr ihren Erfolg, f\u00fcr Toleranz, f\u00fcr <strong>wahre Freundschaft und Liebe<\/strong> k\u00e4mpfen. Doch Profitgier, AIDS, Drogen und Rassismus werfen immer wieder Schatten auf das Leben der <strong>bunt gemischten Gesellschaft <\/strong>um Musiker Roger, Filmemacher Mark, Performance-K\u00fcnstlerin Maureen und T\u00e4nzerin Mimi.<\/p>\n<p>Das Musical verfolgt das Leben der Freunde im <strong>Verlauf eines Jahres<\/strong>. Die Existenz der K\u00fcnstler ist bedroht, weil Ex-Mitbewohner Benny sie aus ihrer Wohnung vertreiben will, um auf dem Gel\u00e4nde teure Studios zu errichten. W\u00e4hrend der Kampf um bezahlbaren Wohnraum <strong>K\u00fcnstler und Bewohner des Viertels eint<\/strong>, lauert im Hintergrund eine dunklere Bedrohung: Roger, Mimi, Philosoph Collins und Transvestit Angel sind an<strong> AIDS<\/strong> erkrankt und m\u00fcssen sich dem Kampf gegen die t\u00f6dliche Diagnose stellen. Wie kann man im <strong>Angesicht des Todes die Liebe<\/strong> in sein Leben lassen? Wie geht man mit Trauer und Verlust um, wenn man selber um sein Leben k\u00e4mpft? Mit seiner ungesch\u00f6nten Darstellung gesellschaftlicher Probleme und seiner Botschaft der Hoffnung ist &#8222;RENT&#8220; ist ein faszinierendes <strong>Mosaik sozialer Realit\u00e4t<\/strong>, das zum modernen Klassiker wurde. <\/p>\n<p>15 junge Darsteller und 31 <strong>pulsierende Songs zwischen Rock, Pop und Gospel<\/strong> entf\u00fchren die Zuschauer in das New York der fr\u00fchen 90er Jahre &#8211; und in eine zeitlose Geschichte, die mit ihrer direkten, <strong>rauen Emotionalit\u00e4t<\/strong> und Menschlichkeit schon Millionen Theaterbesucher weltweit zu Tr\u00e4nen r\u00fchrte. <\/p>\n<blockquote><p>&#8222;Wer auch immer sich \u00fcber den Niedergang des amerikanischen Musicals beschwert, hat schlichtweg am falschen Ort gesucht. RENT gibt einer ganzen Generation eine Stimme.&#8220; (The New York Times)<\/p><\/blockquote>\n<p>Nach unserer erfolgreichen Deutschlandpremiere von Jonathan Larsons &#8222;tick, tick&#8230;BOOM!&#8220; freuen wir uns, ihnen 2012 sein <strong>Meisterwerk &#8222;RENT&#8220; <\/strong>pr\u00e4sentieren zu k\u00f6nnen. Die \u00dcbertragung der Auff\u00fchrungsrechte erfolgt durch die MUSIK UND B\u00dcHNE Verlagsgesellschaft mbH, Wiesbaden.<\/p>\n","protected":false},"excerpt":{"rendered":"<p>Mit &#8222;RENT&#8220; kommt eines der erfolgreichsten Musicals aller Zeiten nach Kerpen. 1996 feierte das St\u00fcck Premiere am Broadway und wurde \u00fcber Nacht zur Sensation. Der renommierte Pulitzer-Preis, die \u00dcbersetzung in 24 Sprachen und Produktionen rund um den Globus folgten. Bis 2008 war &#8222;RENT&#8220; ununterbrochen in New York zu sehen, wurde von Star-Regisseur Chris Columbus verfilmt [&hellip;]<\/p>\n","protected":false},"author":1,"featured_media":0,"parent":1261,"menu_order":0,"comment_status":"closed","ping_status":"closed","template":"","meta":{"footnotes":""},"class_list":["post-8","page","type-page","status-publish","hentry","post-preview"],"_links":{"self":[{"href":"https:\/\/www.musical-ensemble-erft.de\/wordpress\/wp-json\/wp\/v2\/pages\/8","targetHints":{"allow":["GET"]}}],"collection":[{"href":"https:\/\/www.musical-ensemble-erft.de\/wordpress\/wp-json\/wp\/v2\/pages"}],"about":[{"href":"https:\/\/www.musical-ensemble-erft.de\/wordpress\/wp-json\/wp\/v2\/types\/page"}],"author":[{"embeddable":true,"href":"https:\/\/www.musical-ensemble-erft.de\/wordpress\/wp-json\/wp\/v2\/users\/1"}],"replies":[{"embeddable":true,"href":"https:\/\/www.musical-ensemble-erft.de\/wordpress\/wp-json\/wp\/v2\/comments?post=8"}],"version-history":[{"count":1,"href":"https:\/\/www.musical-ensemble-erft.de\/wordpress\/wp-json\/wp\/v2\/pages\/8\/revisions"}],"predecessor-version":[{"id":3848,"href":"https:\/\/www.musical-ensemble-erft.de\/wordpress\/wp-json\/wp\/v2\/pages\/8\/revisions\/3848"}],"up":[{"embeddable":true,"href":"https:\/\/www.musical-ensemble-erft.de\/wordpress\/wp-json\/wp\/v2\/pages\/1261"}],"wp:attachment":[{"href":"https:\/\/www.musical-ensemble-erft.de\/wordpress\/wp-json\/wp\/v2\/media?parent=8"}],"curies":[{"name":"wp","href":"https:\/\/api.w.org\/{rel}","templated":true}]}}